{"id":421,"date":"2016-09-27T13:08:42","date_gmt":"2016-09-27T12:08:42","guid":{"rendered":"http:\/\/beerprague.dev.digitalbrothers.cz\/fr\/cookie-policy"},"modified":"2016-10-14T13:30:35","modified_gmt":"2016-10-14T12:30:35","slug":"cookie-policy","status":"publish","type":"page","link":"https:\/\/www.beerprague.com\/fr\/cookie-policy","title":{"rendered":"Politique de cookie"},"content":{"rendered":"<h2>Cookies<\/h2>\n<p>Afin de faciliter l\u2019utilisation de ce site, nous utilisons parfois de petits documents appel\u00e9s cookies. La plupart des sites internet le font.<\/p>\n<h3><strong>Que sont les cookies\u00a0?<\/strong><\/h3>\n<p>Un cookie est un petit fichier de texte qui enregistre sur votre appareil les donn\u00e9es que vous entrez sur un site internet. Cela permet au site de se rappeler vos actions et pr\u00e9f\u00e9rences (nom d\u2019utilisateur, langue et autres pr\u00e9f\u00e9rences) afin que vous n\u2019ayez pas \u00e0 les rappeler \u00e0 chaque visite.<\/p>\n<h3>Comment nous utilisons les cookies\u00a0?<\/h3>\n<div class=\"alert alert-info\">\n<p>Un certains nombres de nos pages utilisent des cookies afin de se rappeler\u00a0:<\/p>\n<ul>\n<li>vos pr\u00e9f\u00e9rences d\u2019affichage<\/li>\n<li>si vous avez d\u00e9j\u00e0 rempli une enqu\u00eate (afin de ne pas demander une seconde fois)<\/li>\n<li>ils servent \u00e0 des fonctions techniques essentielles particuli\u00e8rement concernant les transactions en ligne<\/li>\n<li>ils g\u00e8rent le marketing, en particulier les banni\u00e8res et avertissements<\/li>\n<li>ils permettent de collecter de l\u2019information sur vos habitudes d\u2019achat incluant l\u2019efficacit\u00e9 des campagnes, comp\u00e9titions\u2026<\/li>\n<\/ul>\n<p>Pour plus d\u2019informations sur l\u2019utilisation des cookies par Google\u00a0: <a href=\"https:\/\/www.google.com\/policies\/technologies\/cookies\/\">https:\/\/www.google.com\/policies\/technologies\/cookies\/<\/a><\/p>\n<p>Aussi, certaines vid\u00e9os inclues dans nos pages utilisent un cookie pour rassembler des statistiques sur comment vous avez acc\u00e9der \u00e0 la page et quelles vid\u00e9os vous avez regard\u00e9.<\/p>\n<p>Autoriser ces cookies n\u2019est pas obligatoire pour que le site fonctionne mais ils permettent une meilleure navigation. Vous pouvez supprimer ou bloquer ces cookies mais si vous faites cela, certaines fonctionnalit\u00e9s pourraient ne pas fonctionner.<\/p>\n<p>Les informations collect\u00e9es par les cookies ne vous identifient pas personnellement et les donn\u00e9es sont sous notre contr\u00f4le. Les cookies ne sont pas utilis\u00e9s \u00e0 d\u2019autres fins que celles expos\u00e9es ci-dessus.<\/p>\n<h3>Comment contr\u00f4ler les cookies\u00a0?<\/h3>\n<p>Vous pouvez contr\u00f4ler et\/ou supprimer les cookies comme vous le d\u00e9sirez. Pour plus de d\u00e9tails\u00a0: seeaboutcookies.org. Vous pouvez supprimer tous les cookies de votre ordinateur et param\u00e9trer votre ordinateur afin de les \u00e9viter. Si vous faites ceci, cependant, vous devrez ajuster manuellement vos pr\u00e9f\u00e9rences \u00e0 chaque visite et certaines fonctionnalit\u00e9s pourraient ne pas fonctionner.<\/p>\n<\/div>\n","protected":false},"excerpt":{"rendered":"Cookies Afin de faciliter l\u2019utilisation de ce site, nous utilisons parfois de petits documents appel\u00e9s cookies. La plupart des sites internet le font. Que sont les cookies\u00a0? Un cookie est un petit fichier de texte qui enregistre sur votre appareil les donn\u00e9es que vous entrez sur un site internet. Cela permet au site de se [&hellip;]","protected":false},"author":4,"featured_media":0,"parent":0,"menu_order":0,"comment_status":"closed","ping_status":"closed","template":"","meta":{"footnotes":""},"class_list":["post-421","page","type-page","status-publish","hentry"],"yoast_head":"<!-- This site is optimized with the Yoast SEO plugin v27.2 - https:\/\/yoast.com\/product\/yoast-seo-wordpress\/ -->\n<title>Politique de cookie - Beer Prague \u2013\u00a0Brewery Walking Tours<\/title>\n<meta name=\"robots\" content=\"index, follow, max-snippet:-1, max-image-preview:large, max-video-preview:-1\" \/>\n<link rel=\"canonical\" href=\"https:\/\/www.beerprague.com\/fr\/cookie-policy\" \/>\n<meta property=\"og:locale\" content=\"fr_FR\" \/>\n<meta property=\"og:type\" content=\"article\" \/>\n<meta property=\"og:title\" content=\"Politique de cookie - Beer Prague \u2013\u00a0Brewery Walking Tours\" \/>\n<meta property=\"og:description\" content=\"Cookies Afin de faciliter l\u2019utilisation de ce site, nous utilisons parfois de petits documents appel\u00e9s cookies. La plupart des sites internet le font. Que sont les cookies\u00a0? Un cookie est un petit fichier de texte qui enregistre sur votre appareil les donn\u00e9es que vous entrez sur un site internet. Cela permet au site de se [&hellip;]\" \/>\n<meta property=\"og:url\" content=\"https:\/\/www.beerprague.com\/fr\/cookie-policy\" \/>\n<meta property=\"og:site_name\" content=\"Beer Prague \u2013\u00a0Brewery Walking Tours\" \/>\n<meta property=\"article:publisher\" content=\"https:\/\/www.facebook.com\/beerprague\/\" \/>\n<meta property=\"article:modified_time\" content=\"2016-10-14T12:30:35+00:00\" \/>\n<meta name=\"twitter:card\" content=\"summary_large_image\" \/>\n<meta name=\"twitter:label1\" content=\"Est. reading time\" \/>\n\t<meta name=\"twitter:data1\" content=\"2 minutes\" \/>\n<script type=\"application\/ld+json\" class=\"yoast-schema-graph\">{\"@context\":\"https:\/\/schema.org\",\"@graph\":[{\"@type\":\"WebPage\",\"@id\":\"https:\/\/www.beerprague.com\/fr\/cookie-policy\",\"url\":\"https:\/\/www.beerprague.com\/fr\/cookie-policy\",\"name\":\"Politique de cookie - Beer Prague \u2013\u00a0Brewery Walking Tours\",\"isPartOf\":{\"@id\":\"https:\/\/www.beerprague.com\/fr\/#website\"},\"datePublished\":\"2016-09-27T12:08:42+00:00\",\"dateModified\":\"2016-10-14T12:30:35+00:00\",\"breadcrumb\":{\"@id\":\"https:\/\/www.beerprague.com\/fr\/cookie-policy#breadcrumb\"},\"inLanguage\":\"fr-FR\",\"potentialAction\":[{\"@type\":\"ReadAction\",\"target\":[\"https:\/\/www.beerprague.com\/fr\/cookie-policy\"]}]},{\"@type\":\"BreadcrumbList\",\"@id\":\"https:\/\/www.beerprague.com\/fr\/cookie-policy#breadcrumb\",\"itemListElement\":[{\"@type\":\"ListItem\",\"position\":1,\"name\":\"Home\",\"item\":\"https:\/\/www.beerprague.com\/fr\/\"},{\"@type\":\"ListItem\",\"position\":2,\"name\":\"Politique de cookie\"}]},{\"@type\":\"WebSite\",\"@id\":\"https:\/\/www.beerprague.com\/fr\/#website\",\"url\":\"https:\/\/www.beerprague.com\/fr\/\",\"name\":\"Beer Prague \u2013\u00a0Brewery Walking Tours\",\"description\":\"Unforgettable guided beer tours to local mini-breweries with UNLIMITED beer.\",\"publisher\":{\"@id\":\"https:\/\/www.beerprague.com\/fr\/#organization\"},\"potentialAction\":[{\"@type\":\"SearchAction\",\"target\":{\"@type\":\"EntryPoint\",\"urlTemplate\":\"https:\/\/www.beerprague.com\/fr\/?s={search_term_string}\"},\"query-input\":{\"@type\":\"PropertyValueSpecification\",\"valueRequired\":true,\"valueName\":\"search_term_string\"}}],\"inLanguage\":\"fr-FR\"},{\"@type\":\"Organization\",\"@id\":\"https:\/\/www.beerprague.com\/fr\/#organization\",\"name\":\"Beer Prague\",\"alternateName\":\"Walking Brewery Tours\",\"url\":\"https:\/\/www.beerprague.com\/fr\/\",\"logo\":{\"@type\":\"ImageObject\",\"inLanguage\":\"fr-FR\",\"@id\":\"https:\/\/www.beerprague.com\/fr\/#\/schema\/logo\/image\/\",\"url\":\"https:\/\/www.beerprague.com\/wp-content\/uploads\/2016\/09\/IMG_0339.jpg\",\"contentUrl\":\"https:\/\/www.beerprague.com\/wp-content\/uploads\/2016\/09\/IMG_0339.jpg\",\"width\":2048,\"height\":1366,\"caption\":\"Beer Prague\"},\"image\":{\"@id\":\"https:\/\/www.beerprague.com\/fr\/#\/schema\/logo\/image\/\"},\"sameAs\":[\"https:\/\/www.facebook.com\/beerprague\/\"]}]}<\/script>\n<!-- \/ Yoast SEO plugin. -->","yoast_head_json":{"title":"Politique de cookie - Beer Prague \u2013\u00a0Brewery Walking Tours","robots":{"index":"index","follow":"follow","max-snippet":"max-snippet:-1","max-image-preview":"max-image-preview:large","max-video-preview":"max-video-preview:-1"},"canonical":"https:\/\/www.beerprague.com\/fr\/cookie-policy","og_locale":"fr_FR","og_type":"article","og_title":"Politique de cookie - Beer Prague \u2013\u00a0Brewery Walking Tours","og_description":"Cookies Afin de faciliter l\u2019utilisation de ce site, nous utilisons parfois de petits documents appel\u00e9s cookies. La plupart des sites internet le font. Que sont les cookies\u00a0? Un cookie est un petit fichier de texte qui enregistre sur votre appareil les donn\u00e9es que vous entrez sur un site internet. Cela permet au site de se [&hellip;]","og_url":"https:\/\/www.beerprague.com\/fr\/cookie-policy","og_site_name":"Beer Prague \u2013\u00a0Brewery Walking Tours","article_publisher":"https:\/\/www.facebook.com\/beerprague\/","article_modified_time":"2016-10-14T12:30:35+00:00","twitter_card":"summary_large_image","twitter_misc":{"Est. reading time":"2 minutes"},"schema":{"@context":"https:\/\/schema.org","@graph":[{"@type":"WebPage","@id":"https:\/\/www.beerprague.com\/fr\/cookie-policy","url":"https:\/\/www.beerprague.com\/fr\/cookie-policy","name":"Politique de cookie - Beer Prague \u2013\u00a0Brewery Walking Tours","isPartOf":{"@id":"https:\/\/www.beerprague.com\/fr\/#website"},"datePublished":"2016-09-27T12:08:42+00:00","dateModified":"2016-10-14T12:30:35+00:00","breadcrumb":{"@id":"https:\/\/www.beerprague.com\/fr\/cookie-policy#breadcrumb"},"inLanguage":"fr-FR","potentialAction":[{"@type":"ReadAction","target":["https:\/\/www.beerprague.com\/fr\/cookie-policy"]}]},{"@type":"BreadcrumbList","@id":"https:\/\/www.beerprague.com\/fr\/cookie-policy#breadcrumb","itemListElement":[{"@type":"ListItem","position":1,"name":"Home","item":"https:\/\/www.beerprague.com\/fr\/"},{"@type":"ListItem","position":2,"name":"Politique de cookie"}]},{"@type":"WebSite","@id":"https:\/\/www.beerprague.com\/fr\/#website","url":"https:\/\/www.beerprague.com\/fr\/","name":"Beer Prague \u2013\u00a0Brewery Walking Tours","description":"Unforgettable guided beer tours to local mini-breweries with UNLIMITED beer.","publisher":{"@id":"https:\/\/www.beerprague.com\/fr\/#organization"},"potentialAction":[{"@type":"SearchAction","target":{"@type":"EntryPoint","urlTemplate":"https:\/\/www.beerprague.com\/fr\/?s={search_term_string}"},"query-input":{"@type":"PropertyValueSpecification","valueRequired":true,"valueName":"search_term_string"}}],"inLanguage":"fr-FR"},{"@type":"Organization","@id":"https:\/\/www.beerprague.com\/fr\/#organization","name":"Beer Prague","alternateName":"Walking Brewery Tours","url":"https:\/\/www.beerprague.com\/fr\/","logo":{"@type":"ImageObject","inLanguage":"fr-FR","@id":"https:\/\/www.beerprague.com\/fr\/#\/schema\/logo\/image\/","url":"https:\/\/www.beerprague.com\/wp-content\/uploads\/2016\/09\/IMG_0339.jpg","contentUrl":"https:\/\/www.beerprague.com\/wp-content\/uploads\/2016\/09\/IMG_0339.jpg","width":2048,"height":1366,"caption":"Beer Prague"},"image":{"@id":"https:\/\/www.beerprague.com\/fr\/#\/schema\/logo\/image\/"},"sameAs":["https:\/\/www.facebook.com\/beerprague\/"]}]}},"_links":{"self":[{"href":"https:\/\/www.beerprague.com\/fr\/wp-json\/wp\/v2\/pages\/421","targetHints":{"allow":["GET"]}}],"collection":[{"href":"https:\/\/www.beerprague.com\/fr\/wp-json\/wp\/v2\/pages"}],"about":[{"href":"https:\/\/www.beerprague.com\/fr\/wp-json\/wp\/v2\/types\/page"}],"author":[{"embeddable":true,"href":"https:\/\/www.beerprague.com\/fr\/wp-json\/wp\/v2\/users\/4"}],"replies":[{"embeddable":true,"href":"https:\/\/www.beerprague.com\/fr\/wp-json\/wp\/v2\/comments?post=421"}],"version-history":[{"count":2,"href":"https:\/\/www.beerprague.com\/fr\/wp-json\/wp\/v2\/pages\/421\/revisions"}],"predecessor-version":[{"id":1019,"href":"https:\/\/www.beerprague.com\/fr\/wp-json\/wp\/v2\/pages\/421\/revisions\/1019"}],"wp:attachment":[{"href":"https:\/\/www.beerprague.com\/fr\/wp-json\/wp\/v2\/media?parent=421"}],"curies":[{"name":"wp","href":"https:\/\/api.w.org\/{rel}","templated":true}]}}