{"id":416,"date":"2016-09-27T10:34:23","date_gmt":"2016-09-27T09:34:23","guid":{"rendered":"http:\/\/beerprague.dev.digitalbrothers.cz\/fr\/conditions"},"modified":"2018-05-24T20:53:31","modified_gmt":"2018-05-24T19:53:31","slug":"conditions","status":"publish","type":"page","link":"https:\/\/www.beerprague.com\/fr\/conditions","title":{"rendered":"Conditions"},"content":{"rendered":"<ul>\n<li>Chaque participant doit \u00eatre \u00e2g\u00e9 d\u2019au moins 18 ans, \u00e2ge l\u00e9gal de consommation d\u2019alcool en R\u00e9publique Tch\u00e8que<\/li>\n<li>Les enfants de moins de 11 ans peuvent participer \u00e0 la visite gratuitement si accompagn\u00e9 d\u2019un parent<\/li>\n<li>Les participants certifient qu\u2019ils respecteront une consommation d\u2019alcool responsable et raisonnable<\/li>\n<li>Les participants doivent adopter un comportement correct afin de ne pas nuire aux autres participants<\/li>\n<li>Le guide se r\u00e9serve le droit de stopper la visite sans aucune compensation si les r\u00e8gles ci-dessus mentionn\u00e9es ne sont pas respect\u00e9es<\/li>\n<li>BeerPrague.com n\u2019est pas responsable des objets vol\u00e9s et des possibles blessures occasionn\u00e9es au cours de la visite<\/li>\n<li>Le guide attendra au maximum 15 minutes apr\u00e8s le d\u00e9but de la visite pr\u00e9vu<\/li>\n<li>Si vous ne nous contactez pas au moins 48 heures avant le d\u00e9but de la visite, nous ne serons pas en mesure de vous rembourser l\u2019argent pay\u00e9.<\/li>\n<\/ul>\n<p>&nbsp;<\/p>\n<p>Please see the full and updated version <a href=\"http:\/\/beerprague.com\/conditions\">here<\/a> in English.<\/p>\n","protected":false},"excerpt":{"rendered":"Chaque participant doit \u00eatre \u00e2g\u00e9 d\u2019au moins 18 ans, \u00e2ge l\u00e9gal de consommation d\u2019alcool en R\u00e9publique Tch\u00e8que Les enfants de moins de 11 ans peuvent participer \u00e0 la visite gratuitement si accompagn\u00e9 d\u2019un parent Les participants certifient qu\u2019ils respecteront une consommation d\u2019alcool responsable et raisonnable Les participants doivent adopter un comportement correct afin de ne [&hellip;]","protected":false},"author":4,"featured_media":0,"parent":0,"menu_order":0,"comment_status":"closed","ping_status":"closed","template":"","meta":{"footnotes":""},"class_list":["post-416","page","type-page","status-publish","hentry"],"yoast_head":"<!-- This site is optimized with the Yoast SEO plugin v27.2 - https:\/\/yoast.com\/product\/yoast-seo-wordpress\/ -->\n<title>Conditions - Beer Prague \u2013\u00a0Brewery Walking Tours<\/title>\n<meta name=\"robots\" content=\"index, follow, max-snippet:-1, max-image-preview:large, max-video-preview:-1\" \/>\n<link rel=\"canonical\" href=\"https:\/\/www.beerprague.com\/fr\/conditions\" \/>\n<meta property=\"og:locale\" content=\"fr_FR\" \/>\n<meta property=\"og:type\" content=\"article\" \/>\n<meta property=\"og:title\" content=\"Conditions - Beer Prague \u2013\u00a0Brewery Walking Tours\" \/>\n<meta property=\"og:description\" content=\"Chaque participant doit \u00eatre \u00e2g\u00e9 d\u2019au moins 18 ans, \u00e2ge l\u00e9gal de consommation d\u2019alcool en R\u00e9publique Tch\u00e8que Les enfants de moins de 11 ans peuvent participer \u00e0 la visite gratuitement si accompagn\u00e9 d\u2019un parent Les participants certifient qu\u2019ils respecteront une consommation d\u2019alcool responsable et raisonnable Les participants doivent adopter un comportement correct afin de ne [&hellip;]\" \/>\n<meta property=\"og:url\" content=\"https:\/\/www.beerprague.com\/fr\/conditions\" \/>\n<meta property=\"og:site_name\" content=\"Beer Prague \u2013\u00a0Brewery Walking Tours\" \/>\n<meta property=\"article:publisher\" content=\"https:\/\/www.facebook.com\/beerprague\/\" \/>\n<meta property=\"article:modified_time\" content=\"2018-05-24T19:53:31+00:00\" \/>\n<meta name=\"twitter:card\" content=\"summary_large_image\" \/>\n<meta name=\"twitter:label1\" content=\"Est. reading time\" \/>\n\t<meta name=\"twitter:data1\" content=\"1 minute\" \/>\n<script type=\"application\/ld+json\" class=\"yoast-schema-graph\">{\"@context\":\"https:\/\/schema.org\",\"@graph\":[{\"@type\":\"WebPage\",\"@id\":\"https:\/\/www.beerprague.com\/fr\/conditions\",\"url\":\"https:\/\/www.beerprague.com\/fr\/conditions\",\"name\":\"Conditions - Beer Prague \u2013\u00a0Brewery Walking Tours\",\"isPartOf\":{\"@id\":\"https:\/\/www.beerprague.com\/fr\/#website\"},\"datePublished\":\"2016-09-27T09:34:23+00:00\",\"dateModified\":\"2018-05-24T19:53:31+00:00\",\"breadcrumb\":{\"@id\":\"https:\/\/www.beerprague.com\/fr\/conditions#breadcrumb\"},\"inLanguage\":\"fr-FR\",\"potentialAction\":[{\"@type\":\"ReadAction\",\"target\":[\"https:\/\/www.beerprague.com\/fr\/conditions\"]}]},{\"@type\":\"BreadcrumbList\",\"@id\":\"https:\/\/www.beerprague.com\/fr\/conditions#breadcrumb\",\"itemListElement\":[{\"@type\":\"ListItem\",\"position\":1,\"name\":\"Home\",\"item\":\"https:\/\/www.beerprague.com\/fr\/\"},{\"@type\":\"ListItem\",\"position\":2,\"name\":\"Conditions\"}]},{\"@type\":\"WebSite\",\"@id\":\"https:\/\/www.beerprague.com\/fr\/#website\",\"url\":\"https:\/\/www.beerprague.com\/fr\/\",\"name\":\"Beer Prague \u2013\u00a0Brewery Walking Tours\",\"description\":\"Unforgettable guided beer tours to local mini-breweries with UNLIMITED beer.\",\"publisher\":{\"@id\":\"https:\/\/www.beerprague.com\/fr\/#organization\"},\"potentialAction\":[{\"@type\":\"SearchAction\",\"target\":{\"@type\":\"EntryPoint\",\"urlTemplate\":\"https:\/\/www.beerprague.com\/fr\/?s={search_term_string}\"},\"query-input\":{\"@type\":\"PropertyValueSpecification\",\"valueRequired\":true,\"valueName\":\"search_term_string\"}}],\"inLanguage\":\"fr-FR\"},{\"@type\":\"Organization\",\"@id\":\"https:\/\/www.beerprague.com\/fr\/#organization\",\"name\":\"Beer Prague\",\"alternateName\":\"Walking Brewery Tours\",\"url\":\"https:\/\/www.beerprague.com\/fr\/\",\"logo\":{\"@type\":\"ImageObject\",\"inLanguage\":\"fr-FR\",\"@id\":\"https:\/\/www.beerprague.com\/fr\/#\/schema\/logo\/image\/\",\"url\":\"https:\/\/www.beerprague.com\/wp-content\/uploads\/2016\/09\/IMG_0339.jpg\",\"contentUrl\":\"https:\/\/www.beerprague.com\/wp-content\/uploads\/2016\/09\/IMG_0339.jpg\",\"width\":2048,\"height\":1366,\"caption\":\"Beer Prague\"},\"image\":{\"@id\":\"https:\/\/www.beerprague.com\/fr\/#\/schema\/logo\/image\/\"},\"sameAs\":[\"https:\/\/www.facebook.com\/beerprague\/\"]}]}<\/script>\n<!-- \/ Yoast SEO plugin. -->","yoast_head_json":{"title":"Conditions - Beer Prague \u2013\u00a0Brewery Walking Tours","robots":{"index":"index","follow":"follow","max-snippet":"max-snippet:-1","max-image-preview":"max-image-preview:large","max-video-preview":"max-video-preview:-1"},"canonical":"https:\/\/www.beerprague.com\/fr\/conditions","og_locale":"fr_FR","og_type":"article","og_title":"Conditions - Beer Prague \u2013\u00a0Brewery Walking Tours","og_description":"Chaque participant doit \u00eatre \u00e2g\u00e9 d\u2019au moins 18 ans, \u00e2ge l\u00e9gal de consommation d\u2019alcool en R\u00e9publique Tch\u00e8que Les enfants de moins de 11 ans peuvent participer \u00e0 la visite gratuitement si accompagn\u00e9 d\u2019un parent Les participants certifient qu\u2019ils respecteront une consommation d\u2019alcool responsable et raisonnable Les participants doivent adopter un comportement correct afin de ne [&hellip;]","og_url":"https:\/\/www.beerprague.com\/fr\/conditions","og_site_name":"Beer Prague \u2013\u00a0Brewery Walking Tours","article_publisher":"https:\/\/www.facebook.com\/beerprague\/","article_modified_time":"2018-05-24T19:53:31+00:00","twitter_card":"summary_large_image","twitter_misc":{"Est. reading time":"1 minute"},"schema":{"@context":"https:\/\/schema.org","@graph":[{"@type":"WebPage","@id":"https:\/\/www.beerprague.com\/fr\/conditions","url":"https:\/\/www.beerprague.com\/fr\/conditions","name":"Conditions - Beer Prague \u2013\u00a0Brewery Walking Tours","isPartOf":{"@id":"https:\/\/www.beerprague.com\/fr\/#website"},"datePublished":"2016-09-27T09:34:23+00:00","dateModified":"2018-05-24T19:53:31+00:00","breadcrumb":{"@id":"https:\/\/www.beerprague.com\/fr\/conditions#breadcrumb"},"inLanguage":"fr-FR","potentialAction":[{"@type":"ReadAction","target":["https:\/\/www.beerprague.com\/fr\/conditions"]}]},{"@type":"BreadcrumbList","@id":"https:\/\/www.beerprague.com\/fr\/conditions#breadcrumb","itemListElement":[{"@type":"ListItem","position":1,"name":"Home","item":"https:\/\/www.beerprague.com\/fr\/"},{"@type":"ListItem","position":2,"name":"Conditions"}]},{"@type":"WebSite","@id":"https:\/\/www.beerprague.com\/fr\/#website","url":"https:\/\/www.beerprague.com\/fr\/","name":"Beer Prague \u2013\u00a0Brewery Walking Tours","description":"Unforgettable guided beer tours to local mini-breweries with UNLIMITED beer.","publisher":{"@id":"https:\/\/www.beerprague.com\/fr\/#organization"},"potentialAction":[{"@type":"SearchAction","target":{"@type":"EntryPoint","urlTemplate":"https:\/\/www.beerprague.com\/fr\/?s={search_term_string}"},"query-input":{"@type":"PropertyValueSpecification","valueRequired":true,"valueName":"search_term_string"}}],"inLanguage":"fr-FR"},{"@type":"Organization","@id":"https:\/\/www.beerprague.com\/fr\/#organization","name":"Beer Prague","alternateName":"Walking Brewery Tours","url":"https:\/\/www.beerprague.com\/fr\/","logo":{"@type":"ImageObject","inLanguage":"fr-FR","@id":"https:\/\/www.beerprague.com\/fr\/#\/schema\/logo\/image\/","url":"https:\/\/www.beerprague.com\/wp-content\/uploads\/2016\/09\/IMG_0339.jpg","contentUrl":"https:\/\/www.beerprague.com\/wp-content\/uploads\/2016\/09\/IMG_0339.jpg","width":2048,"height":1366,"caption":"Beer Prague"},"image":{"@id":"https:\/\/www.beerprague.com\/fr\/#\/schema\/logo\/image\/"},"sameAs":["https:\/\/www.facebook.com\/beerprague\/"]}]}},"_links":{"self":[{"href":"https:\/\/www.beerprague.com\/fr\/wp-json\/wp\/v2\/pages\/416","targetHints":{"allow":["GET"]}}],"collection":[{"href":"https:\/\/www.beerprague.com\/fr\/wp-json\/wp\/v2\/pages"}],"about":[{"href":"https:\/\/www.beerprague.com\/fr\/wp-json\/wp\/v2\/types\/page"}],"author":[{"embeddable":true,"href":"https:\/\/www.beerprague.com\/fr\/wp-json\/wp\/v2\/users\/4"}],"replies":[{"embeddable":true,"href":"https:\/\/www.beerprague.com\/fr\/wp-json\/wp\/v2\/comments?post=416"}],"version-history":[{"count":5,"href":"https:\/\/www.beerprague.com\/fr\/wp-json\/wp\/v2\/pages\/416\/revisions"}],"predecessor-version":[{"id":2408,"href":"https:\/\/www.beerprague.com\/fr\/wp-json\/wp\/v2\/pages\/416\/revisions\/2408"}],"wp:attachment":[{"href":"https:\/\/www.beerprague.com\/fr\/wp-json\/wp\/v2\/media?parent=416"}],"curies":[{"name":"wp","href":"https:\/\/api.w.org\/{rel}","templated":true}]}}