{"id":310,"date":"2016-09-14T10:30:18","date_gmt":"2016-09-14T09:30:18","guid":{"rendered":"http:\/\/beerprague.dev.digitalbrothers.cz\/fr\/beer-facts"},"modified":"2016-10-13T23:12:03","modified_gmt":"2016-10-13T22:12:03","slug":"beer-facts","status":"publish","type":"page","link":"https:\/\/www.beerprague.com\/fr\/beer-facts","title":{"rendered":"Info sur la bi\u00e8re"},"content":{"rendered":"<p>Le meilleur moyen d\u2019apprendre sur la bi\u00e8re tch\u00e8que est de la go\u00fbter. Et nous sommes heureux de vous aider en vous proposant une visite\u00a0! Mais si vous voulez programmer votre propre visite, ne manquez pas ces articles.<\/p>\n","protected":false},"excerpt":{"rendered":"Le meilleur moyen d\u2019apprendre sur la bi\u00e8re tch\u00e8que est de la go\u00fbter. Et nous sommes heureux de vous aider en vous proposant une visite\u00a0! Mais si vous voulez programmer votre propre visite, ne manquez pas ces articles.","protected":false},"author":4,"featured_media":0,"parent":0,"menu_order":0,"comment_status":"closed","ping_status":"closed","template":"template\/beer-facts.php","meta":{"footnotes":""},"class_list":["post-310","page","type-page","status-publish","hentry"],"yoast_head":"<!-- This site is optimized with the Yoast SEO plugin v27.2 - https:\/\/yoast.com\/product\/yoast-seo-wordpress\/ -->\n<title>Info sur la bi\u00e8re - Beer Prague \u2013\u00a0Brewery Walking Tours<\/title>\n<meta name=\"robots\" content=\"index, follow, max-snippet:-1, max-image-preview:large, max-video-preview:-1\" \/>\n<link rel=\"canonical\" href=\"https:\/\/www.beerprague.com\/fr\/beer-facts\" \/>\n<meta property=\"og:locale\" content=\"fr_FR\" \/>\n<meta property=\"og:type\" content=\"article\" \/>\n<meta property=\"og:title\" content=\"Info sur la bi\u00e8re - Beer Prague \u2013\u00a0Brewery Walking Tours\" \/>\n<meta property=\"og:description\" content=\"Le meilleur moyen d\u2019apprendre sur la bi\u00e8re tch\u00e8que est de la go\u00fbter. Et nous sommes heureux de vous aider en vous proposant une visite\u00a0! Mais si vous voulez programmer votre propre visite, ne manquez pas ces articles.\" \/>\n<meta property=\"og:url\" content=\"https:\/\/www.beerprague.com\/fr\/beer-facts\" \/>\n<meta property=\"og:site_name\" content=\"Beer Prague \u2013\u00a0Brewery Walking Tours\" \/>\n<meta property=\"article:publisher\" content=\"https:\/\/www.facebook.com\/beerprague\/\" \/>\n<meta property=\"article:modified_time\" content=\"2016-10-13T22:12:03+00:00\" \/>\n<meta name=\"twitter:card\" content=\"summary_large_image\" \/>\n<script type=\"application\/ld+json\" class=\"yoast-schema-graph\">{\"@context\":\"https:\/\/schema.org\",\"@graph\":[{\"@type\":\"WebPage\",\"@id\":\"https:\/\/www.beerprague.com\/fr\/beer-facts\",\"url\":\"https:\/\/www.beerprague.com\/fr\/beer-facts\",\"name\":\"Info sur la bi\u00e8re - Beer Prague \u2013\u00a0Brewery Walking Tours\",\"isPartOf\":{\"@id\":\"https:\/\/www.beerprague.com\/fr\/#website\"},\"datePublished\":\"2016-09-14T09:30:18+00:00\",\"dateModified\":\"2016-10-13T22:12:03+00:00\",\"breadcrumb\":{\"@id\":\"https:\/\/www.beerprague.com\/fr\/beer-facts#breadcrumb\"},\"inLanguage\":\"fr-FR\",\"potentialAction\":[{\"@type\":\"ReadAction\",\"target\":[\"https:\/\/www.beerprague.com\/fr\/beer-facts\"]}]},{\"@type\":\"BreadcrumbList\",\"@id\":\"https:\/\/www.beerprague.com\/fr\/beer-facts#breadcrumb\",\"itemListElement\":[{\"@type\":\"ListItem\",\"position\":1,\"name\":\"Home\",\"item\":\"https:\/\/www.beerprague.com\/fr\/\"},{\"@type\":\"ListItem\",\"position\":2,\"name\":\"Info sur la bi\u00e8re\"}]},{\"@type\":\"WebSite\",\"@id\":\"https:\/\/www.beerprague.com\/fr\/#website\",\"url\":\"https:\/\/www.beerprague.com\/fr\/\",\"name\":\"Beer Prague \u2013\u00a0Brewery Walking Tours\",\"description\":\"Unforgettable guided beer tours to local mini-breweries with UNLIMITED beer.\",\"publisher\":{\"@id\":\"https:\/\/www.beerprague.com\/fr\/#organization\"},\"potentialAction\":[{\"@type\":\"SearchAction\",\"target\":{\"@type\":\"EntryPoint\",\"urlTemplate\":\"https:\/\/www.beerprague.com\/fr\/?s={search_term_string}\"},\"query-input\":{\"@type\":\"PropertyValueSpecification\",\"valueRequired\":true,\"valueName\":\"search_term_string\"}}],\"inLanguage\":\"fr-FR\"},{\"@type\":\"Organization\",\"@id\":\"https:\/\/www.beerprague.com\/fr\/#organization\",\"name\":\"Beer Prague\",\"alternateName\":\"Walking Brewery Tours\",\"url\":\"https:\/\/www.beerprague.com\/fr\/\",\"logo\":{\"@type\":\"ImageObject\",\"inLanguage\":\"fr-FR\",\"@id\":\"https:\/\/www.beerprague.com\/fr\/#\/schema\/logo\/image\/\",\"url\":\"https:\/\/www.beerprague.com\/wp-content\/uploads\/2016\/09\/IMG_0339.jpg\",\"contentUrl\":\"https:\/\/www.beerprague.com\/wp-content\/uploads\/2016\/09\/IMG_0339.jpg\",\"width\":2048,\"height\":1366,\"caption\":\"Beer Prague\"},\"image\":{\"@id\":\"https:\/\/www.beerprague.com\/fr\/#\/schema\/logo\/image\/\"},\"sameAs\":[\"https:\/\/www.facebook.com\/beerprague\/\"]}]}<\/script>\n<!-- \/ Yoast SEO plugin. -->","yoast_head_json":{"title":"Info sur la bi\u00e8re - Beer Prague \u2013\u00a0Brewery Walking Tours","robots":{"index":"index","follow":"follow","max-snippet":"max-snippet:-1","max-image-preview":"max-image-preview:large","max-video-preview":"max-video-preview:-1"},"canonical":"https:\/\/www.beerprague.com\/fr\/beer-facts","og_locale":"fr_FR","og_type":"article","og_title":"Info sur la bi\u00e8re - Beer Prague \u2013\u00a0Brewery Walking Tours","og_description":"Le meilleur moyen d\u2019apprendre sur la bi\u00e8re tch\u00e8que est de la go\u00fbter. Et nous sommes heureux de vous aider en vous proposant une visite\u00a0! Mais si vous voulez programmer votre propre visite, ne manquez pas ces articles.","og_url":"https:\/\/www.beerprague.com\/fr\/beer-facts","og_site_name":"Beer Prague \u2013\u00a0Brewery Walking Tours","article_publisher":"https:\/\/www.facebook.com\/beerprague\/","article_modified_time":"2016-10-13T22:12:03+00:00","twitter_card":"summary_large_image","schema":{"@context":"https:\/\/schema.org","@graph":[{"@type":"WebPage","@id":"https:\/\/www.beerprague.com\/fr\/beer-facts","url":"https:\/\/www.beerprague.com\/fr\/beer-facts","name":"Info sur la bi\u00e8re - Beer Prague \u2013\u00a0Brewery Walking Tours","isPartOf":{"@id":"https:\/\/www.beerprague.com\/fr\/#website"},"datePublished":"2016-09-14T09:30:18+00:00","dateModified":"2016-10-13T22:12:03+00:00","breadcrumb":{"@id":"https:\/\/www.beerprague.com\/fr\/beer-facts#breadcrumb"},"inLanguage":"fr-FR","potentialAction":[{"@type":"ReadAction","target":["https:\/\/www.beerprague.com\/fr\/beer-facts"]}]},{"@type":"BreadcrumbList","@id":"https:\/\/www.beerprague.com\/fr\/beer-facts#breadcrumb","itemListElement":[{"@type":"ListItem","position":1,"name":"Home","item":"https:\/\/www.beerprague.com\/fr\/"},{"@type":"ListItem","position":2,"name":"Info sur la bi\u00e8re"}]},{"@type":"WebSite","@id":"https:\/\/www.beerprague.com\/fr\/#website","url":"https:\/\/www.beerprague.com\/fr\/","name":"Beer Prague \u2013\u00a0Brewery Walking Tours","description":"Unforgettable guided beer tours to local mini-breweries with UNLIMITED beer.","publisher":{"@id":"https:\/\/www.beerprague.com\/fr\/#organization"},"potentialAction":[{"@type":"SearchAction","target":{"@type":"EntryPoint","urlTemplate":"https:\/\/www.beerprague.com\/fr\/?s={search_term_string}"},"query-input":{"@type":"PropertyValueSpecification","valueRequired":true,"valueName":"search_term_string"}}],"inLanguage":"fr-FR"},{"@type":"Organization","@id":"https:\/\/www.beerprague.com\/fr\/#organization","name":"Beer Prague","alternateName":"Walking Brewery Tours","url":"https:\/\/www.beerprague.com\/fr\/","logo":{"@type":"ImageObject","inLanguage":"fr-FR","@id":"https:\/\/www.beerprague.com\/fr\/#\/schema\/logo\/image\/","url":"https:\/\/www.beerprague.com\/wp-content\/uploads\/2016\/09\/IMG_0339.jpg","contentUrl":"https:\/\/www.beerprague.com\/wp-content\/uploads\/2016\/09\/IMG_0339.jpg","width":2048,"height":1366,"caption":"Beer Prague"},"image":{"@id":"https:\/\/www.beerprague.com\/fr\/#\/schema\/logo\/image\/"},"sameAs":["https:\/\/www.facebook.com\/beerprague\/"]}]}},"_links":{"self":[{"href":"https:\/\/www.beerprague.com\/fr\/wp-json\/wp\/v2\/pages\/310","targetHints":{"allow":["GET"]}}],"collection":[{"href":"https:\/\/www.beerprague.com\/fr\/wp-json\/wp\/v2\/pages"}],"about":[{"href":"https:\/\/www.beerprague.com\/fr\/wp-json\/wp\/v2\/types\/page"}],"author":[{"embeddable":true,"href":"https:\/\/www.beerprague.com\/fr\/wp-json\/wp\/v2\/users\/4"}],"replies":[{"embeddable":true,"href":"https:\/\/www.beerprague.com\/fr\/wp-json\/wp\/v2\/comments?post=310"}],"version-history":[{"count":6,"href":"https:\/\/www.beerprague.com\/fr\/wp-json\/wp\/v2\/pages\/310\/revisions"}],"predecessor-version":[{"id":1006,"href":"https:\/\/www.beerprague.com\/fr\/wp-json\/wp\/v2\/pages\/310\/revisions\/1006"}],"wp:attachment":[{"href":"https:\/\/www.beerprague.com\/fr\/wp-json\/wp\/v2\/media?parent=310"}],"curies":[{"name":"wp","href":"https:\/\/api.w.org\/{rel}","templated":true}]}}