{"id":307,"date":"2016-09-14T14:20:52","date_gmt":"2016-09-14T13:20:52","guid":{"rendered":"http:\/\/beerprague.dev.digitalbrothers.cz\/fr\/contact"},"modified":"2026-01-02T12:34:50","modified_gmt":"2026-01-02T11:34:50","slug":"contacts","status":"publish","type":"page","link":"https:\/\/www.beerprague.com\/fr\/contacts","title":{"rendered":"Contact"},"content":{"rendered":"<h2>Point de rendez-vous<\/h2>\n<p>N\u00e1m\u011bst\u00ed M\u00edru 1219\/2 (devant l&#8217;\u00e9glise St. Ludmila) <br \/>\n Vinohrady, Prag 2<\/p>\n<p>&nbsp;<\/p>\n<h2>Hotline<\/h2>\n<p><strong><a class=\"textlink\" href=\"tel:+ 420773606876\">+ 420 773 606 876\u00a0<\/a><\/strong><\/p>\n<p><strong><a class=\"textlink\" href=\"mailto:info@beerprague.com?subject=Prague%20Brewery%20Tour\">info@beerprague.com<\/a><\/strong><\/p>\n","protected":false},"excerpt":{"rendered":"Point de rendez-vous N\u00e1m\u011bst\u00ed M\u00edru 1219\/2 (devant l&#8217;\u00e9glise St. Ludmila) Vinohrady, Prag 2 &nbsp; Hotline + 420 773 606 876\u00a0 info@beerprague.com","protected":false},"author":4,"featured_media":0,"parent":0,"menu_order":0,"comment_status":"closed","ping_status":"closed","template":"template\/contact.php","meta":{"footnotes":""},"class_list":["post-307","page","type-page","status-publish","hentry"],"yoast_head":"<!-- This site is optimized with the Yoast SEO plugin v27.2 - https:\/\/yoast.com\/product\/yoast-seo-wordpress\/ -->\n<title>Contact - Beer Prague \u2013\u00a0Brewery Walking Tours<\/title>\n<meta name=\"robots\" content=\"index, follow, max-snippet:-1, max-image-preview:large, max-video-preview:-1\" \/>\n<link rel=\"canonical\" href=\"https:\/\/www.beerprague.com\/fr\/contacts\" \/>\n<meta property=\"og:locale\" content=\"fr_FR\" \/>\n<meta property=\"og:type\" content=\"article\" \/>\n<meta property=\"og:title\" content=\"Contact - Beer Prague \u2013\u00a0Brewery Walking Tours\" \/>\n<meta property=\"og:description\" content=\"Point de rendez-vous N\u00e1m\u011bst\u00ed M\u00edru 1219\/2 (devant l&#8217;\u00e9glise St. Ludmila) Vinohrady, Prag 2 &nbsp; Hotline + 420 773 606 876\u00a0 info@beerprague.com\" \/>\n<meta property=\"og:url\" content=\"https:\/\/www.beerprague.com\/fr\/contacts\" \/>\n<meta property=\"og:site_name\" content=\"Beer Prague \u2013\u00a0Brewery Walking Tours\" \/>\n<meta property=\"article:publisher\" content=\"https:\/\/www.facebook.com\/beerprague\/\" \/>\n<meta property=\"article:modified_time\" content=\"2026-01-02T11:34:50+00:00\" \/>\n<meta name=\"twitter:card\" content=\"summary_large_image\" \/>\n<script type=\"application\/ld+json\" class=\"yoast-schema-graph\">{\"@context\":\"https:\/\/schema.org\",\"@graph\":[{\"@type\":\"WebPage\",\"@id\":\"https:\/\/www.beerprague.com\/fr\/contacts\",\"url\":\"https:\/\/www.beerprague.com\/fr\/contacts\",\"name\":\"Contact - Beer Prague \u2013\u00a0Brewery Walking Tours\",\"isPartOf\":{\"@id\":\"https:\/\/www.beerprague.com\/fr\/#website\"},\"datePublished\":\"2016-09-14T13:20:52+00:00\",\"dateModified\":\"2026-01-02T11:34:50+00:00\",\"breadcrumb\":{\"@id\":\"https:\/\/www.beerprague.com\/fr\/contacts#breadcrumb\"},\"inLanguage\":\"fr-FR\",\"potentialAction\":[{\"@type\":\"ReadAction\",\"target\":[\"https:\/\/www.beerprague.com\/fr\/contacts\"]}]},{\"@type\":\"BreadcrumbList\",\"@id\":\"https:\/\/www.beerprague.com\/fr\/contacts#breadcrumb\",\"itemListElement\":[{\"@type\":\"ListItem\",\"position\":1,\"name\":\"Home\",\"item\":\"https:\/\/www.beerprague.com\/fr\/\"},{\"@type\":\"ListItem\",\"position\":2,\"name\":\"Contact\"}]},{\"@type\":\"WebSite\",\"@id\":\"https:\/\/www.beerprague.com\/fr\/#website\",\"url\":\"https:\/\/www.beerprague.com\/fr\/\",\"name\":\"Beer Prague \u2013\u00a0Brewery Walking Tours\",\"description\":\"Unforgettable guided beer tours to local mini-breweries with UNLIMITED beer.\",\"publisher\":{\"@id\":\"https:\/\/www.beerprague.com\/fr\/#organization\"},\"potentialAction\":[{\"@type\":\"SearchAction\",\"target\":{\"@type\":\"EntryPoint\",\"urlTemplate\":\"https:\/\/www.beerprague.com\/fr\/?s={search_term_string}\"},\"query-input\":{\"@type\":\"PropertyValueSpecification\",\"valueRequired\":true,\"valueName\":\"search_term_string\"}}],\"inLanguage\":\"fr-FR\"},{\"@type\":\"Organization\",\"@id\":\"https:\/\/www.beerprague.com\/fr\/#organization\",\"name\":\"Beer Prague\",\"alternateName\":\"Walking Brewery Tours\",\"url\":\"https:\/\/www.beerprague.com\/fr\/\",\"logo\":{\"@type\":\"ImageObject\",\"inLanguage\":\"fr-FR\",\"@id\":\"https:\/\/www.beerprague.com\/fr\/#\/schema\/logo\/image\/\",\"url\":\"https:\/\/www.beerprague.com\/wp-content\/uploads\/2016\/09\/IMG_0339.jpg\",\"contentUrl\":\"https:\/\/www.beerprague.com\/wp-content\/uploads\/2016\/09\/IMG_0339.jpg\",\"width\":2048,\"height\":1366,\"caption\":\"Beer Prague\"},\"image\":{\"@id\":\"https:\/\/www.beerprague.com\/fr\/#\/schema\/logo\/image\/\"},\"sameAs\":[\"https:\/\/www.facebook.com\/beerprague\/\"]}]}<\/script>\n<!-- \/ Yoast SEO plugin. -->","yoast_head_json":{"title":"Contact - Beer Prague \u2013\u00a0Brewery Walking Tours","robots":{"index":"index","follow":"follow","max-snippet":"max-snippet:-1","max-image-preview":"max-image-preview:large","max-video-preview":"max-video-preview:-1"},"canonical":"https:\/\/www.beerprague.com\/fr\/contacts","og_locale":"fr_FR","og_type":"article","og_title":"Contact - Beer Prague \u2013\u00a0Brewery Walking Tours","og_description":"Point de rendez-vous N\u00e1m\u011bst\u00ed M\u00edru 1219\/2 (devant l&#8217;\u00e9glise St. Ludmila) Vinohrady, Prag 2 &nbsp; Hotline + 420 773 606 876\u00a0 info@beerprague.com","og_url":"https:\/\/www.beerprague.com\/fr\/contacts","og_site_name":"Beer Prague \u2013\u00a0Brewery Walking Tours","article_publisher":"https:\/\/www.facebook.com\/beerprague\/","article_modified_time":"2026-01-02T11:34:50+00:00","twitter_card":"summary_large_image","schema":{"@context":"https:\/\/schema.org","@graph":[{"@type":"WebPage","@id":"https:\/\/www.beerprague.com\/fr\/contacts","url":"https:\/\/www.beerprague.com\/fr\/contacts","name":"Contact - Beer Prague \u2013\u00a0Brewery Walking Tours","isPartOf":{"@id":"https:\/\/www.beerprague.com\/fr\/#website"},"datePublished":"2016-09-14T13:20:52+00:00","dateModified":"2026-01-02T11:34:50+00:00","breadcrumb":{"@id":"https:\/\/www.beerprague.com\/fr\/contacts#breadcrumb"},"inLanguage":"fr-FR","potentialAction":[{"@type":"ReadAction","target":["https:\/\/www.beerprague.com\/fr\/contacts"]}]},{"@type":"BreadcrumbList","@id":"https:\/\/www.beerprague.com\/fr\/contacts#breadcrumb","itemListElement":[{"@type":"ListItem","position":1,"name":"Home","item":"https:\/\/www.beerprague.com\/fr\/"},{"@type":"ListItem","position":2,"name":"Contact"}]},{"@type":"WebSite","@id":"https:\/\/www.beerprague.com\/fr\/#website","url":"https:\/\/www.beerprague.com\/fr\/","name":"Beer Prague \u2013\u00a0Brewery Walking Tours","description":"Unforgettable guided beer tours to local mini-breweries with UNLIMITED beer.","publisher":{"@id":"https:\/\/www.beerprague.com\/fr\/#organization"},"potentialAction":[{"@type":"SearchAction","target":{"@type":"EntryPoint","urlTemplate":"https:\/\/www.beerprague.com\/fr\/?s={search_term_string}"},"query-input":{"@type":"PropertyValueSpecification","valueRequired":true,"valueName":"search_term_string"}}],"inLanguage":"fr-FR"},{"@type":"Organization","@id":"https:\/\/www.beerprague.com\/fr\/#organization","name":"Beer Prague","alternateName":"Walking Brewery Tours","url":"https:\/\/www.beerprague.com\/fr\/","logo":{"@type":"ImageObject","inLanguage":"fr-FR","@id":"https:\/\/www.beerprague.com\/fr\/#\/schema\/logo\/image\/","url":"https:\/\/www.beerprague.com\/wp-content\/uploads\/2016\/09\/IMG_0339.jpg","contentUrl":"https:\/\/www.beerprague.com\/wp-content\/uploads\/2016\/09\/IMG_0339.jpg","width":2048,"height":1366,"caption":"Beer Prague"},"image":{"@id":"https:\/\/www.beerprague.com\/fr\/#\/schema\/logo\/image\/"},"sameAs":["https:\/\/www.facebook.com\/beerprague\/"]}]}},"_links":{"self":[{"href":"https:\/\/www.beerprague.com\/fr\/wp-json\/wp\/v2\/pages\/307","targetHints":{"allow":["GET"]}}],"collection":[{"href":"https:\/\/www.beerprague.com\/fr\/wp-json\/wp\/v2\/pages"}],"about":[{"href":"https:\/\/www.beerprague.com\/fr\/wp-json\/wp\/v2\/types\/page"}],"author":[{"embeddable":true,"href":"https:\/\/www.beerprague.com\/fr\/wp-json\/wp\/v2\/users\/4"}],"replies":[{"embeddable":true,"href":"https:\/\/www.beerprague.com\/fr\/wp-json\/wp\/v2\/comments?post=307"}],"version-history":[{"count":10,"href":"https:\/\/www.beerprague.com\/fr\/wp-json\/wp\/v2\/pages\/307\/revisions"}],"predecessor-version":[{"id":6056,"href":"https:\/\/www.beerprague.com\/fr\/wp-json\/wp\/v2\/pages\/307\/revisions\/6056"}],"wp:attachment":[{"href":"https:\/\/www.beerprague.com\/fr\/wp-json\/wp\/v2\/media?parent=307"}],"curies":[{"name":"wp","href":"https:\/\/api.w.org\/{rel}","templated":true}]}}