{"id":304,"date":"2016-09-15T09:29:54","date_gmt":"2016-09-15T08:29:54","guid":{"rendered":"http:\/\/beerprague.dev.digitalbrothers.cz\/fr\/homepage"},"modified":"2016-10-13T21:32:49","modified_gmt":"2016-10-13T20:32:49","slug":"homepage","status":"publish","type":"page","link":"https:\/\/www.beerprague.com\/fr\/","title":{"rendered":"PRAGUE BEER TOURS"},"content":{"rendered":"<p>Vous pr\u00e9f\u00e9rez une visite calme avec une pointe d\u2019histoire tch\u00e8que ou plut\u00f4t une f\u00eate dynamique\u00a0?<\/p>\n","protected":false},"excerpt":{"rendered":"Vous pr\u00e9f\u00e9rez une visite calme avec une pointe d\u2019histoire tch\u00e8que ou plut\u00f4t une f\u00eate dynamique\u00a0?","protected":false},"author":4,"featured_media":0,"parent":0,"menu_order":0,"comment_status":"closed","ping_status":"closed","template":"","meta":{"footnotes":""},"class_list":["post-304","page","type-page","status-publish","hentry"],"yoast_head":"<!-- This site is optimized with the Yoast SEO plugin v27.2 - https:\/\/yoast.com\/product\/yoast-seo-wordpress\/ -->\n<title>PRAGUE BEER TOURS - Beer Prague \u2013\u00a0Brewery Walking Tours<\/title>\n<meta name=\"robots\" content=\"index, follow, max-snippet:-1, max-image-preview:large, max-video-preview:-1\" \/>\n<link rel=\"canonical\" href=\"https:\/\/www.beerprague.com\/fr\/\" \/>\n<meta property=\"og:locale\" content=\"fr_FR\" \/>\n<meta property=\"og:type\" content=\"article\" \/>\n<meta property=\"og:title\" content=\"PRAGUE BEER TOURS - Beer Prague \u2013\u00a0Brewery Walking Tours\" \/>\n<meta property=\"og:description\" content=\"Vous pr\u00e9f\u00e9rez une visite calme avec une pointe d\u2019histoire tch\u00e8que ou plut\u00f4t une f\u00eate dynamique\u00a0?\" \/>\n<meta property=\"og:url\" content=\"https:\/\/www.beerprague.com\/fr\/\" \/>\n<meta property=\"og:site_name\" content=\"Beer Prague \u2013\u00a0Brewery Walking Tours\" \/>\n<meta property=\"article:publisher\" content=\"https:\/\/www.facebook.com\/beerprague\/\" \/>\n<meta property=\"article:modified_time\" content=\"2016-10-13T20:32:49+00:00\" \/>\n<meta name=\"twitter:card\" content=\"summary_large_image\" \/>\n<script type=\"application\/ld+json\" class=\"yoast-schema-graph\">{\"@context\":\"https:\/\/schema.org\",\"@graph\":[{\"@type\":\"WebPage\",\"@id\":\"https:\/\/www.beerprague.com\/fr\/\",\"url\":\"https:\/\/www.beerprague.com\/fr\/\",\"name\":\"PRAGUE BEER TOURS - Beer Prague \u2013\u00a0Brewery Walking Tours\",\"isPartOf\":{\"@id\":\"https:\/\/www.beerprague.com\/fr\/#website\"},\"datePublished\":\"2016-09-15T08:29:54+00:00\",\"dateModified\":\"2016-10-13T20:32:49+00:00\",\"breadcrumb\":{\"@id\":\"https:\/\/www.beerprague.com\/fr\/#breadcrumb\"},\"inLanguage\":\"fr-FR\",\"potentialAction\":[{\"@type\":\"ReadAction\",\"target\":[\"https:\/\/www.beerprague.com\/fr\/\"]}]},{\"@type\":\"BreadcrumbList\",\"@id\":\"https:\/\/www.beerprague.com\/fr\/#breadcrumb\",\"itemListElement\":[{\"@type\":\"ListItem\",\"position\":1,\"name\":\"Home\",\"item\":\"https:\/\/www.beerprague.com\/fr\/\"},{\"@type\":\"ListItem\",\"position\":2,\"name\":\"PRAGUE BEER TOURS\"}]},{\"@type\":\"WebSite\",\"@id\":\"https:\/\/www.beerprague.com\/fr\/#website\",\"url\":\"https:\/\/www.beerprague.com\/fr\/\",\"name\":\"Beer Prague \u2013\u00a0Brewery Walking Tours\",\"description\":\"Unforgettable guided beer tours to local mini-breweries with UNLIMITED beer.\",\"publisher\":{\"@id\":\"https:\/\/www.beerprague.com\/fr\/#organization\"},\"potentialAction\":[{\"@type\":\"SearchAction\",\"target\":{\"@type\":\"EntryPoint\",\"urlTemplate\":\"https:\/\/www.beerprague.com\/fr\/?s={search_term_string}\"},\"query-input\":{\"@type\":\"PropertyValueSpecification\",\"valueRequired\":true,\"valueName\":\"search_term_string\"}}],\"inLanguage\":\"fr-FR\"},{\"@type\":\"Organization\",\"@id\":\"https:\/\/www.beerprague.com\/fr\/#organization\",\"name\":\"Beer Prague\",\"alternateName\":\"Walking Brewery Tours\",\"url\":\"https:\/\/www.beerprague.com\/fr\/\",\"logo\":{\"@type\":\"ImageObject\",\"inLanguage\":\"fr-FR\",\"@id\":\"https:\/\/www.beerprague.com\/fr\/#\/schema\/logo\/image\/\",\"url\":\"https:\/\/www.beerprague.com\/wp-content\/uploads\/2016\/09\/IMG_0339.jpg\",\"contentUrl\":\"https:\/\/www.beerprague.com\/wp-content\/uploads\/2016\/09\/IMG_0339.jpg\",\"width\":2048,\"height\":1366,\"caption\":\"Beer Prague\"},\"image\":{\"@id\":\"https:\/\/www.beerprague.com\/fr\/#\/schema\/logo\/image\/\"},\"sameAs\":[\"https:\/\/www.facebook.com\/beerprague\/\"]}]}<\/script>\n<!-- \/ Yoast SEO plugin. -->","yoast_head_json":{"title":"PRAGUE BEER TOURS - Beer Prague \u2013\u00a0Brewery Walking Tours","robots":{"index":"index","follow":"follow","max-snippet":"max-snippet:-1","max-image-preview":"max-image-preview:large","max-video-preview":"max-video-preview:-1"},"canonical":"https:\/\/www.beerprague.com\/fr\/","og_locale":"fr_FR","og_type":"article","og_title":"PRAGUE BEER TOURS - Beer Prague \u2013\u00a0Brewery Walking Tours","og_description":"Vous pr\u00e9f\u00e9rez une visite calme avec une pointe d\u2019histoire tch\u00e8que ou plut\u00f4t une f\u00eate dynamique\u00a0?","og_url":"https:\/\/www.beerprague.com\/fr\/","og_site_name":"Beer Prague \u2013\u00a0Brewery Walking Tours","article_publisher":"https:\/\/www.facebook.com\/beerprague\/","article_modified_time":"2016-10-13T20:32:49+00:00","twitter_card":"summary_large_image","schema":{"@context":"https:\/\/schema.org","@graph":[{"@type":"WebPage","@id":"https:\/\/www.beerprague.com\/fr\/","url":"https:\/\/www.beerprague.com\/fr\/","name":"PRAGUE BEER TOURS - Beer Prague \u2013\u00a0Brewery Walking Tours","isPartOf":{"@id":"https:\/\/www.beerprague.com\/fr\/#website"},"datePublished":"2016-09-15T08:29:54+00:00","dateModified":"2016-10-13T20:32:49+00:00","breadcrumb":{"@id":"https:\/\/www.beerprague.com\/fr\/#breadcrumb"},"inLanguage":"fr-FR","potentialAction":[{"@type":"ReadAction","target":["https:\/\/www.beerprague.com\/fr\/"]}]},{"@type":"BreadcrumbList","@id":"https:\/\/www.beerprague.com\/fr\/#breadcrumb","itemListElement":[{"@type":"ListItem","position":1,"name":"Home","item":"https:\/\/www.beerprague.com\/fr\/"},{"@type":"ListItem","position":2,"name":"PRAGUE BEER TOURS"}]},{"@type":"WebSite","@id":"https:\/\/www.beerprague.com\/fr\/#website","url":"https:\/\/www.beerprague.com\/fr\/","name":"Beer Prague \u2013\u00a0Brewery Walking Tours","description":"Unforgettable guided beer tours to local mini-breweries with UNLIMITED beer.","publisher":{"@id":"https:\/\/www.beerprague.com\/fr\/#organization"},"potentialAction":[{"@type":"SearchAction","target":{"@type":"EntryPoint","urlTemplate":"https:\/\/www.beerprague.com\/fr\/?s={search_term_string}"},"query-input":{"@type":"PropertyValueSpecification","valueRequired":true,"valueName":"search_term_string"}}],"inLanguage":"fr-FR"},{"@type":"Organization","@id":"https:\/\/www.beerprague.com\/fr\/#organization","name":"Beer Prague","alternateName":"Walking Brewery Tours","url":"https:\/\/www.beerprague.com\/fr\/","logo":{"@type":"ImageObject","inLanguage":"fr-FR","@id":"https:\/\/www.beerprague.com\/fr\/#\/schema\/logo\/image\/","url":"https:\/\/www.beerprague.com\/wp-content\/uploads\/2016\/09\/IMG_0339.jpg","contentUrl":"https:\/\/www.beerprague.com\/wp-content\/uploads\/2016\/09\/IMG_0339.jpg","width":2048,"height":1366,"caption":"Beer Prague"},"image":{"@id":"https:\/\/www.beerprague.com\/fr\/#\/schema\/logo\/image\/"},"sameAs":["https:\/\/www.facebook.com\/beerprague\/"]}]}},"_links":{"self":[{"href":"https:\/\/www.beerprague.com\/fr\/wp-json\/wp\/v2\/pages\/304","targetHints":{"allow":["GET"]}}],"collection":[{"href":"https:\/\/www.beerprague.com\/fr\/wp-json\/wp\/v2\/pages"}],"about":[{"href":"https:\/\/www.beerprague.com\/fr\/wp-json\/wp\/v2\/types\/page"}],"author":[{"embeddable":true,"href":"https:\/\/www.beerprague.com\/fr\/wp-json\/wp\/v2\/users\/4"}],"replies":[{"embeddable":true,"href":"https:\/\/www.beerprague.com\/fr\/wp-json\/wp\/v2\/comments?post=304"}],"version-history":[{"count":4,"href":"https:\/\/www.beerprague.com\/fr\/wp-json\/wp\/v2\/pages\/304\/revisions"}],"predecessor-version":[{"id":968,"href":"https:\/\/www.beerprague.com\/fr\/wp-json\/wp\/v2\/pages\/304\/revisions\/968"}],"wp:attachment":[{"href":"https:\/\/www.beerprague.com\/fr\/wp-json\/wp\/v2\/media?parent=304"}],"curies":[{"name":"wp","href":"https:\/\/api.w.org\/{rel}","templated":true}]}}