{"id":1156,"date":"2016-10-25T21:07:44","date_gmt":"2016-10-25T20:07:44","guid":{"rendered":"https:\/\/www.beerprague.com\/es\/?page_id=1156"},"modified":"2026-01-02T12:35:43","modified_gmt":"2026-01-02T11:35:43","slug":"contacto","status":"publish","type":"page","link":"https:\/\/www.beerprague.com\/es\/contacto","title":{"rendered":"Contacto"},"content":{"rendered":"<h2>Lugar de encuentro<\/h2>\n<p><strong>Vodi\u010dkova 22<\/strong><\/p>\n<p>N\u00e1m\u011bst\u00ed M\u00edru 1219\/2 (frente a la iglesia de St. Ludmila) <br \/>\n Vinohrady, Praga 2<\/p>\n<h2>Hotline<\/h2>\n<p><strong><a class=\"textlink\" href=\"tel:+ 420773606876\">+ 420 773 606 876\u00a0<\/a><\/strong><\/p>\n<p><strong><a class=\"textlink\" href=\"mailto:info@beerprague.com?subject=Prague%20Brewery%20Tour\">info@beerprague.com<\/a><\/strong><\/p>\n","protected":false},"excerpt":{"rendered":"Lugar de encuentro Vodi\u010dkova 22 N\u00e1m\u011bst\u00ed M\u00edru 1219\/2 (frente a la iglesia de St. Ludmila) Vinohrady, Praga 2 Hotline + 420 773 606 876\u00a0 info@beerprague.com","protected":false},"author":5,"featured_media":0,"parent":0,"menu_order":0,"comment_status":"closed","ping_status":"closed","template":"template\/contact.php","meta":{"footnotes":""},"class_list":["post-1156","page","type-page","status-publish","hentry"],"yoast_head":"<!-- This site is optimized with the Yoast SEO plugin v27.2 - https:\/\/yoast.com\/product\/yoast-seo-wordpress\/ -->\n<title>Contacto - Beer Prague \u2013\u00a0Brewery Walking Tours<\/title>\n<meta name=\"robots\" content=\"index, follow, max-snippet:-1, max-image-preview:large, max-video-preview:-1\" \/>\n<link rel=\"canonical\" href=\"https:\/\/www.beerprague.com\/es\/contacto\" \/>\n<meta property=\"og:locale\" content=\"es_ES\" \/>\n<meta property=\"og:type\" content=\"article\" \/>\n<meta property=\"og:title\" content=\"Contacto - Beer Prague \u2013\u00a0Brewery Walking Tours\" \/>\n<meta property=\"og:description\" content=\"Lugar de encuentro Vodi\u010dkova 22 N\u00e1m\u011bst\u00ed M\u00edru 1219\/2 (frente a la iglesia de St. Ludmila) Vinohrady, Praga 2 Hotline + 420 773 606 876\u00a0 info@beerprague.com\" \/>\n<meta property=\"og:url\" content=\"https:\/\/www.beerprague.com\/es\/contacto\" \/>\n<meta property=\"og:site_name\" content=\"Beer Prague \u2013\u00a0Brewery Walking Tours\" \/>\n<meta property=\"article:publisher\" content=\"https:\/\/www.facebook.com\/beerprague\/\" \/>\n<meta property=\"article:modified_time\" content=\"2026-01-02T11:35:43+00:00\" \/>\n<meta name=\"twitter:card\" content=\"summary_large_image\" \/>\n<script type=\"application\/ld+json\" class=\"yoast-schema-graph\">{\"@context\":\"https:\/\/schema.org\",\"@graph\":[{\"@type\":\"WebPage\",\"@id\":\"https:\/\/www.beerprague.com\/es\/contacto\",\"url\":\"https:\/\/www.beerprague.com\/es\/contacto\",\"name\":\"Contacto - Beer Prague \u2013\u00a0Brewery Walking Tours\",\"isPartOf\":{\"@id\":\"https:\/\/www.beerprague.com\/es\/#website\"},\"datePublished\":\"2016-10-25T20:07:44+00:00\",\"dateModified\":\"2026-01-02T11:35:43+00:00\",\"breadcrumb\":{\"@id\":\"https:\/\/www.beerprague.com\/es\/contacto#breadcrumb\"},\"inLanguage\":\"es-ES\",\"potentialAction\":[{\"@type\":\"ReadAction\",\"target\":[\"https:\/\/www.beerprague.com\/es\/contacto\"]}]},{\"@type\":\"BreadcrumbList\",\"@id\":\"https:\/\/www.beerprague.com\/es\/contacto#breadcrumb\",\"itemListElement\":[{\"@type\":\"ListItem\",\"position\":1,\"name\":\"Home\",\"item\":\"https:\/\/www.beerprague.com\/es\/\"},{\"@type\":\"ListItem\",\"position\":2,\"name\":\"Contacto\"}]},{\"@type\":\"WebSite\",\"@id\":\"https:\/\/www.beerprague.com\/es\/#website\",\"url\":\"https:\/\/www.beerprague.com\/es\/\",\"name\":\"Beer Prague \u2013\u00a0Brewery Walking Tours\",\"description\":\"Unforgettable guided beer tours to local mini-breweries with UNLIMITED beer.\",\"publisher\":{\"@id\":\"https:\/\/www.beerprague.com\/es\/#organization\"},\"potentialAction\":[{\"@type\":\"SearchAction\",\"target\":{\"@type\":\"EntryPoint\",\"urlTemplate\":\"https:\/\/www.beerprague.com\/es\/?s={search_term_string}\"},\"query-input\":{\"@type\":\"PropertyValueSpecification\",\"valueRequired\":true,\"valueName\":\"search_term_string\"}}],\"inLanguage\":\"es-ES\"},{\"@type\":\"Organization\",\"@id\":\"https:\/\/www.beerprague.com\/es\/#organization\",\"name\":\"Beer Prague\",\"alternateName\":\"Walking Brewery Tours\",\"url\":\"https:\/\/www.beerprague.com\/es\/\",\"logo\":{\"@type\":\"ImageObject\",\"inLanguage\":\"es-ES\",\"@id\":\"https:\/\/www.beerprague.com\/es\/#\/schema\/logo\/image\/\",\"url\":\"https:\/\/www.beerprague.com\/wp-content\/uploads\/2016\/09\/IMG_0339.jpg\",\"contentUrl\":\"https:\/\/www.beerprague.com\/wp-content\/uploads\/2016\/09\/IMG_0339.jpg\",\"width\":2048,\"height\":1366,\"caption\":\"Beer Prague\"},\"image\":{\"@id\":\"https:\/\/www.beerprague.com\/es\/#\/schema\/logo\/image\/\"},\"sameAs\":[\"https:\/\/www.facebook.com\/beerprague\/\"]}]}<\/script>\n<!-- \/ Yoast SEO plugin. -->","yoast_head_json":{"title":"Contacto - Beer Prague \u2013\u00a0Brewery Walking Tours","robots":{"index":"index","follow":"follow","max-snippet":"max-snippet:-1","max-image-preview":"max-image-preview:large","max-video-preview":"max-video-preview:-1"},"canonical":"https:\/\/www.beerprague.com\/es\/contacto","og_locale":"es_ES","og_type":"article","og_title":"Contacto - Beer Prague \u2013\u00a0Brewery Walking Tours","og_description":"Lugar de encuentro Vodi\u010dkova 22 N\u00e1m\u011bst\u00ed M\u00edru 1219\/2 (frente a la iglesia de St. Ludmila) Vinohrady, Praga 2 Hotline + 420 773 606 876\u00a0 info@beerprague.com","og_url":"https:\/\/www.beerprague.com\/es\/contacto","og_site_name":"Beer Prague \u2013\u00a0Brewery Walking Tours","article_publisher":"https:\/\/www.facebook.com\/beerprague\/","article_modified_time":"2026-01-02T11:35:43+00:00","twitter_card":"summary_large_image","schema":{"@context":"https:\/\/schema.org","@graph":[{"@type":"WebPage","@id":"https:\/\/www.beerprague.com\/es\/contacto","url":"https:\/\/www.beerprague.com\/es\/contacto","name":"Contacto - Beer Prague \u2013\u00a0Brewery Walking Tours","isPartOf":{"@id":"https:\/\/www.beerprague.com\/es\/#website"},"datePublished":"2016-10-25T20:07:44+00:00","dateModified":"2026-01-02T11:35:43+00:00","breadcrumb":{"@id":"https:\/\/www.beerprague.com\/es\/contacto#breadcrumb"},"inLanguage":"es-ES","potentialAction":[{"@type":"ReadAction","target":["https:\/\/www.beerprague.com\/es\/contacto"]}]},{"@type":"BreadcrumbList","@id":"https:\/\/www.beerprague.com\/es\/contacto#breadcrumb","itemListElement":[{"@type":"ListItem","position":1,"name":"Home","item":"https:\/\/www.beerprague.com\/es\/"},{"@type":"ListItem","position":2,"name":"Contacto"}]},{"@type":"WebSite","@id":"https:\/\/www.beerprague.com\/es\/#website","url":"https:\/\/www.beerprague.com\/es\/","name":"Beer Prague \u2013\u00a0Brewery Walking Tours","description":"Unforgettable guided beer tours to local mini-breweries with UNLIMITED beer.","publisher":{"@id":"https:\/\/www.beerprague.com\/es\/#organization"},"potentialAction":[{"@type":"SearchAction","target":{"@type":"EntryPoint","urlTemplate":"https:\/\/www.beerprague.com\/es\/?s={search_term_string}"},"query-input":{"@type":"PropertyValueSpecification","valueRequired":true,"valueName":"search_term_string"}}],"inLanguage":"es-ES"},{"@type":"Organization","@id":"https:\/\/www.beerprague.com\/es\/#organization","name":"Beer Prague","alternateName":"Walking Brewery Tours","url":"https:\/\/www.beerprague.com\/es\/","logo":{"@type":"ImageObject","inLanguage":"es-ES","@id":"https:\/\/www.beerprague.com\/es\/#\/schema\/logo\/image\/","url":"https:\/\/www.beerprague.com\/wp-content\/uploads\/2016\/09\/IMG_0339.jpg","contentUrl":"https:\/\/www.beerprague.com\/wp-content\/uploads\/2016\/09\/IMG_0339.jpg","width":2048,"height":1366,"caption":"Beer Prague"},"image":{"@id":"https:\/\/www.beerprague.com\/es\/#\/schema\/logo\/image\/"},"sameAs":["https:\/\/www.facebook.com\/beerprague\/"]}]}},"_links":{"self":[{"href":"https:\/\/www.beerprague.com\/es\/wp-json\/wp\/v2\/pages\/1156","targetHints":{"allow":["GET"]}}],"collection":[{"href":"https:\/\/www.beerprague.com\/es\/wp-json\/wp\/v2\/pages"}],"about":[{"href":"https:\/\/www.beerprague.com\/es\/wp-json\/wp\/v2\/types\/page"}],"author":[{"embeddable":true,"href":"https:\/\/www.beerprague.com\/es\/wp-json\/wp\/v2\/users\/5"}],"replies":[{"embeddable":true,"href":"https:\/\/www.beerprague.com\/es\/wp-json\/wp\/v2\/comments?post=1156"}],"version-history":[{"count":3,"href":"https:\/\/www.beerprague.com\/es\/wp-json\/wp\/v2\/pages\/1156\/revisions"}],"predecessor-version":[{"id":6059,"href":"https:\/\/www.beerprague.com\/es\/wp-json\/wp\/v2\/pages\/1156\/revisions\/6059"}],"wp:attachment":[{"href":"https:\/\/www.beerprague.com\/es\/wp-json\/wp\/v2\/media?parent=1156"}],"curies":[{"name":"wp","href":"https:\/\/api.w.org\/{rel}","templated":true}]}}