{"id":1144,"date":"2016-10-25T21:00:10","date_gmt":"2016-10-25T20:00:10","guid":{"rendered":"https:\/\/www.beerprague.com\/es\/?page_id=1144"},"modified":"2018-05-24T20:54:16","modified_gmt":"2018-05-24T19:54:16","slug":"condiciones","status":"publish","type":"page","link":"https:\/\/www.beerprague.com\/es\/condiciones","title":{"rendered":"Condiciones"},"content":{"rendered":"<ul style=\"list-style-type: disc;\">\n<li>Cada participante de tener 18 a\u00f1os m\u00ednimo, edad legal para consumir alcohol en Republica Checa<\/li>\n<li>Ni\u00f1os de menos de 11 a\u00f1os pueden participar gratuitamente con la presencia de un adulto<\/li>\n<li>Participantes certifican que respectaran una consumici\u00f3n responsable y adecuada\u00a0<\/li>\n<li>Participantes tienen que comportarse correctamente\u00a0<\/li>\n<li>El gu\u00eda puede interrumpir la visita sin compensaci\u00f3n en caso de no-respecto de las reglas<\/li>\n<li>BeerPrague.com no tiene responsabilidad de los objetos robados y posibles heridas durante la visita<\/li>\n<li>El guia esperara 15 minutos despu\u00e9s de la hora de inicio\u00a0<\/li>\n<li>Tiene que contactarnos m\u00e1s de 48 horas antes del inicio de la visita sino, no podemos restituir su dinero<\/li>\n<\/ul>\n<p>&nbsp;<\/p>\n<p>Please see the full and updated version <a href=\"http:\/\/beerprague.com\/conditions\">here<\/a> in English.<\/p>\n","protected":false},"excerpt":{"rendered":"Cada participante de tener 18 a\u00f1os m\u00ednimo, edad legal para consumir alcohol en Republica Checa Ni\u00f1os de menos de 11 a\u00f1os pueden participar gratuitamente con la presencia de un adulto Participantes certifican que respectaran una consumici\u00f3n responsable y adecuada\u00a0 Participantes tienen que comportarse correctamente\u00a0 El gu\u00eda puede interrumpir la visita sin compensaci\u00f3n en caso de [&hellip;]","protected":false},"author":5,"featured_media":0,"parent":0,"menu_order":0,"comment_status":"closed","ping_status":"closed","template":"","meta":{"footnotes":""},"class_list":["post-1144","page","type-page","status-publish","hentry"],"yoast_head":"<!-- This site is optimized with the Yoast SEO plugin v27.2 - https:\/\/yoast.com\/product\/yoast-seo-wordpress\/ -->\n<title>Condiciones - Beer Prague \u2013\u00a0Brewery Walking Tours<\/title>\n<meta name=\"robots\" content=\"index, follow, max-snippet:-1, max-image-preview:large, max-video-preview:-1\" \/>\n<link rel=\"canonical\" href=\"https:\/\/www.beerprague.com\/es\/condiciones\" \/>\n<meta property=\"og:locale\" content=\"es_ES\" \/>\n<meta property=\"og:type\" content=\"article\" \/>\n<meta property=\"og:title\" content=\"Condiciones - Beer Prague \u2013\u00a0Brewery Walking Tours\" \/>\n<meta property=\"og:description\" content=\"Cada participante de tener 18 a\u00f1os m\u00ednimo, edad legal para consumir alcohol en Republica Checa Ni\u00f1os de menos de 11 a\u00f1os pueden participar gratuitamente con la presencia de un adulto Participantes certifican que respectaran una consumici\u00f3n responsable y adecuada\u00a0 Participantes tienen que comportarse correctamente\u00a0 El gu\u00eda puede interrumpir la visita sin compensaci\u00f3n en caso de [&hellip;]\" \/>\n<meta property=\"og:url\" content=\"https:\/\/www.beerprague.com\/es\/condiciones\" \/>\n<meta property=\"og:site_name\" content=\"Beer Prague \u2013\u00a0Brewery Walking Tours\" \/>\n<meta property=\"article:publisher\" content=\"https:\/\/www.facebook.com\/beerprague\/\" \/>\n<meta property=\"article:modified_time\" content=\"2018-05-24T19:54:16+00:00\" \/>\n<meta name=\"twitter:card\" content=\"summary_large_image\" \/>\n<meta name=\"twitter:label1\" content=\"Est. reading time\" \/>\n\t<meta name=\"twitter:data1\" content=\"1 minute\" \/>\n<script type=\"application\/ld+json\" class=\"yoast-schema-graph\">{\"@context\":\"https:\/\/schema.org\",\"@graph\":[{\"@type\":\"WebPage\",\"@id\":\"https:\/\/www.beerprague.com\/es\/condiciones\",\"url\":\"https:\/\/www.beerprague.com\/es\/condiciones\",\"name\":\"Condiciones - Beer Prague \u2013\u00a0Brewery Walking Tours\",\"isPartOf\":{\"@id\":\"https:\/\/www.beerprague.com\/es\/#website\"},\"datePublished\":\"2016-10-25T20:00:10+00:00\",\"dateModified\":\"2018-05-24T19:54:16+00:00\",\"breadcrumb\":{\"@id\":\"https:\/\/www.beerprague.com\/es\/condiciones#breadcrumb\"},\"inLanguage\":\"es-ES\",\"potentialAction\":[{\"@type\":\"ReadAction\",\"target\":[\"https:\/\/www.beerprague.com\/es\/condiciones\"]}]},{\"@type\":\"BreadcrumbList\",\"@id\":\"https:\/\/www.beerprague.com\/es\/condiciones#breadcrumb\",\"itemListElement\":[{\"@type\":\"ListItem\",\"position\":1,\"name\":\"Home\",\"item\":\"https:\/\/www.beerprague.com\/es\/\"},{\"@type\":\"ListItem\",\"position\":2,\"name\":\"Condiciones\"}]},{\"@type\":\"WebSite\",\"@id\":\"https:\/\/www.beerprague.com\/es\/#website\",\"url\":\"https:\/\/www.beerprague.com\/es\/\",\"name\":\"Beer Prague \u2013\u00a0Brewery Walking Tours\",\"description\":\"Unforgettable guided beer tours to local mini-breweries with UNLIMITED beer.\",\"publisher\":{\"@id\":\"https:\/\/www.beerprague.com\/es\/#organization\"},\"potentialAction\":[{\"@type\":\"SearchAction\",\"target\":{\"@type\":\"EntryPoint\",\"urlTemplate\":\"https:\/\/www.beerprague.com\/es\/?s={search_term_string}\"},\"query-input\":{\"@type\":\"PropertyValueSpecification\",\"valueRequired\":true,\"valueName\":\"search_term_string\"}}],\"inLanguage\":\"es-ES\"},{\"@type\":\"Organization\",\"@id\":\"https:\/\/www.beerprague.com\/es\/#organization\",\"name\":\"Beer Prague\",\"alternateName\":\"Walking Brewery Tours\",\"url\":\"https:\/\/www.beerprague.com\/es\/\",\"logo\":{\"@type\":\"ImageObject\",\"inLanguage\":\"es-ES\",\"@id\":\"https:\/\/www.beerprague.com\/es\/#\/schema\/logo\/image\/\",\"url\":\"https:\/\/www.beerprague.com\/wp-content\/uploads\/2016\/09\/IMG_0339.jpg\",\"contentUrl\":\"https:\/\/www.beerprague.com\/wp-content\/uploads\/2016\/09\/IMG_0339.jpg\",\"width\":2048,\"height\":1366,\"caption\":\"Beer Prague\"},\"image\":{\"@id\":\"https:\/\/www.beerprague.com\/es\/#\/schema\/logo\/image\/\"},\"sameAs\":[\"https:\/\/www.facebook.com\/beerprague\/\"]}]}<\/script>\n<!-- \/ Yoast SEO plugin. -->","yoast_head_json":{"title":"Condiciones - Beer Prague \u2013\u00a0Brewery Walking Tours","robots":{"index":"index","follow":"follow","max-snippet":"max-snippet:-1","max-image-preview":"max-image-preview:large","max-video-preview":"max-video-preview:-1"},"canonical":"https:\/\/www.beerprague.com\/es\/condiciones","og_locale":"es_ES","og_type":"article","og_title":"Condiciones - Beer Prague \u2013\u00a0Brewery Walking Tours","og_description":"Cada participante de tener 18 a\u00f1os m\u00ednimo, edad legal para consumir alcohol en Republica Checa Ni\u00f1os de menos de 11 a\u00f1os pueden participar gratuitamente con la presencia de un adulto Participantes certifican que respectaran una consumici\u00f3n responsable y adecuada\u00a0 Participantes tienen que comportarse correctamente\u00a0 El gu\u00eda puede interrumpir la visita sin compensaci\u00f3n en caso de [&hellip;]","og_url":"https:\/\/www.beerprague.com\/es\/condiciones","og_site_name":"Beer Prague \u2013\u00a0Brewery Walking Tours","article_publisher":"https:\/\/www.facebook.com\/beerprague\/","article_modified_time":"2018-05-24T19:54:16+00:00","twitter_card":"summary_large_image","twitter_misc":{"Est. reading time":"1 minute"},"schema":{"@context":"https:\/\/schema.org","@graph":[{"@type":"WebPage","@id":"https:\/\/www.beerprague.com\/es\/condiciones","url":"https:\/\/www.beerprague.com\/es\/condiciones","name":"Condiciones - Beer Prague \u2013\u00a0Brewery Walking Tours","isPartOf":{"@id":"https:\/\/www.beerprague.com\/es\/#website"},"datePublished":"2016-10-25T20:00:10+00:00","dateModified":"2018-05-24T19:54:16+00:00","breadcrumb":{"@id":"https:\/\/www.beerprague.com\/es\/condiciones#breadcrumb"},"inLanguage":"es-ES","potentialAction":[{"@type":"ReadAction","target":["https:\/\/www.beerprague.com\/es\/condiciones"]}]},{"@type":"BreadcrumbList","@id":"https:\/\/www.beerprague.com\/es\/condiciones#breadcrumb","itemListElement":[{"@type":"ListItem","position":1,"name":"Home","item":"https:\/\/www.beerprague.com\/es\/"},{"@type":"ListItem","position":2,"name":"Condiciones"}]},{"@type":"WebSite","@id":"https:\/\/www.beerprague.com\/es\/#website","url":"https:\/\/www.beerprague.com\/es\/","name":"Beer Prague \u2013\u00a0Brewery Walking Tours","description":"Unforgettable guided beer tours to local mini-breweries with UNLIMITED beer.","publisher":{"@id":"https:\/\/www.beerprague.com\/es\/#organization"},"potentialAction":[{"@type":"SearchAction","target":{"@type":"EntryPoint","urlTemplate":"https:\/\/www.beerprague.com\/es\/?s={search_term_string}"},"query-input":{"@type":"PropertyValueSpecification","valueRequired":true,"valueName":"search_term_string"}}],"inLanguage":"es-ES"},{"@type":"Organization","@id":"https:\/\/www.beerprague.com\/es\/#organization","name":"Beer Prague","alternateName":"Walking Brewery Tours","url":"https:\/\/www.beerprague.com\/es\/","logo":{"@type":"ImageObject","inLanguage":"es-ES","@id":"https:\/\/www.beerprague.com\/es\/#\/schema\/logo\/image\/","url":"https:\/\/www.beerprague.com\/wp-content\/uploads\/2016\/09\/IMG_0339.jpg","contentUrl":"https:\/\/www.beerprague.com\/wp-content\/uploads\/2016\/09\/IMG_0339.jpg","width":2048,"height":1366,"caption":"Beer Prague"},"image":{"@id":"https:\/\/www.beerprague.com\/es\/#\/schema\/logo\/image\/"},"sameAs":["https:\/\/www.facebook.com\/beerprague\/"]}]}},"_links":{"self":[{"href":"https:\/\/www.beerprague.com\/es\/wp-json\/wp\/v2\/pages\/1144","targetHints":{"allow":["GET"]}}],"collection":[{"href":"https:\/\/www.beerprague.com\/es\/wp-json\/wp\/v2\/pages"}],"about":[{"href":"https:\/\/www.beerprague.com\/es\/wp-json\/wp\/v2\/types\/page"}],"author":[{"embeddable":true,"href":"https:\/\/www.beerprague.com\/es\/wp-json\/wp\/v2\/users\/5"}],"replies":[{"embeddable":true,"href":"https:\/\/www.beerprague.com\/es\/wp-json\/wp\/v2\/comments?post=1144"}],"version-history":[{"count":2,"href":"https:\/\/www.beerprague.com\/es\/wp-json\/wp\/v2\/pages\/1144\/revisions"}],"predecessor-version":[{"id":2410,"href":"https:\/\/www.beerprague.com\/es\/wp-json\/wp\/v2\/pages\/1144\/revisions\/2410"}],"wp:attachment":[{"href":"https:\/\/www.beerprague.com\/es\/wp-json\/wp\/v2\/media?parent=1144"}],"curies":[{"name":"wp","href":"https:\/\/api.w.org\/{rel}","templated":true}]}}