{"id":1142,"date":"2016-10-25T20:58:34","date_gmt":"2016-10-25T19:58:34","guid":{"rendered":"https:\/\/www.beerprague.com\/es\/?page_id=1142"},"modified":"2016-10-25T20:58:34","modified_gmt":"2016-10-25T19:58:34","slug":"politica-de-cookie","status":"publish","type":"page","link":"https:\/\/www.beerprague.com\/es\/politica-de-cookie","title":{"rendered":"Pol\u00edtica de cookie"},"content":{"rendered":"<h2>Cookies<\/h2>\n<p>Para facilitar la utilizaci\u00f3n de nuestro sitio, a veces utilizamos peque\u00f1os documentos llamados cookies. La mayor\u00eda de los sitios lo hacen.<\/p>\n<h3><b>Que son los cookies\u00a0?<\/b><\/h3>\n<p>Un cookie es un peque\u00f1o documento que retiene datos utilizados en un sitio internet. Permite recordarse de sus acciones y preferencias (nombre, password, idioma y otras preferencias) para tener que indicarlo solo una vez.<\/p>\n<h3>\u00bfC\u00f3mo utilizamos los cookies?<\/h3>\n<div class=\"alert alert-info\">\n<p>Algunas p\u00e1ginas utilizan cookies para recordarse de\u00a0:<\/p>\n<ul>\n<li>Sus preferencias de visualizaci\u00f3n<\/li>\n<li>Si ha repuesto un cuestionario (para no preguntar secunda vez)<\/li>\n<li>Sirven para funciones t\u00e9cnicas esenciales especialmente para transacciones<\/li>\n<li>Gestionan el marketing, las banderas y advertencias\u00a0<\/li>\n<li>Permiten colectar informaci\u00f3n sobre sus costumbres de compra, eficacidad de la publicidad\u2026<\/li>\n<\/ul>\n<p>Por mas informaci\u00f3n sobre la utilizaci\u00f3n de los cookies\u00a0de Google\u00a0:<a href=\"https:\/\/www.google.com\/policies\/technologies\/cookies\/\">https:\/\/www.google.com\/policies\/technologies\/cookies\/<\/a><\/p>\n<p>Tambi\u00e9n, algunos videos incluidos en nuestras p\u00e1ginas utilizan un cookie para creer estad\u00edsticas sobre su acceso a la p\u00e1gina y los videos mirados.<\/p>\n<p>Autorizar estos cookies no es obligatorio pero permite mejor navegaci\u00f3n. Usted puede suprimir o bloquear los cookies. Pero algunas funciones podr\u00edan tener dificultades para funcionar.<\/p>\n<p>Las informaciones colectadas no identifican personalmente y las informaciones se quedan en nuestro control. Los cookies no est\u00e1n utilizados para otro motivo que los expuestos m\u00e1s arriba.\u00a0<\/p>\n<h3>\u00bfC\u00f3mo controlar los cookies?\u00a0<\/h3>\n<p>Usted puede controlar o suprimir los cookies como lo desea. Para m\u00e1s detalles : seeaboutcookies.org. Puede suprimir todos los cookies de su ordenador y parametrizar para evitarlos. Pero tiene que ajustar manualmente sus preferencias cada visita y algunas funcionalidades podr\u00edan tener dificultades funcionar.<\/p>\n<\/div>\n","protected":false},"excerpt":{"rendered":"Cookies Para facilitar la utilizaci\u00f3n de nuestro sitio, a veces utilizamos peque\u00f1os documentos llamados cookies. La mayor\u00eda de los sitios lo hacen. Que son los cookies\u00a0? Un cookie es un peque\u00f1o documento que retiene datos utilizados en un sitio internet. Permite recordarse de sus acciones y preferencias (nombre, password, idioma y otras preferencias) para tener [&hellip;]","protected":false},"author":5,"featured_media":0,"parent":0,"menu_order":0,"comment_status":"closed","ping_status":"closed","template":"","meta":{"footnotes":""},"class_list":["post-1142","page","type-page","status-publish","hentry"],"yoast_head":"<!-- This site is optimized with the Yoast SEO plugin v27.2 - https:\/\/yoast.com\/product\/yoast-seo-wordpress\/ -->\n<title>Pol\u00edtica de cookie - Beer Prague \u2013\u00a0Brewery Walking Tours<\/title>\n<meta name=\"robots\" content=\"index, follow, max-snippet:-1, max-image-preview:large, max-video-preview:-1\" \/>\n<link rel=\"canonical\" href=\"https:\/\/www.beerprague.com\/es\/politica-de-cookie\" \/>\n<meta property=\"og:locale\" content=\"es_ES\" \/>\n<meta property=\"og:type\" content=\"article\" \/>\n<meta property=\"og:title\" content=\"Pol\u00edtica de cookie - Beer Prague \u2013\u00a0Brewery Walking Tours\" \/>\n<meta property=\"og:description\" content=\"Cookies Para facilitar la utilizaci\u00f3n de nuestro sitio, a veces utilizamos peque\u00f1os documentos llamados cookies. La mayor\u00eda de los sitios lo hacen. Que son los cookies\u00a0? Un cookie es un peque\u00f1o documento que retiene datos utilizados en un sitio internet. Permite recordarse de sus acciones y preferencias (nombre, password, idioma y otras preferencias) para tener [&hellip;]\" \/>\n<meta property=\"og:url\" content=\"https:\/\/www.beerprague.com\/es\/politica-de-cookie\" \/>\n<meta property=\"og:site_name\" content=\"Beer Prague \u2013\u00a0Brewery Walking Tours\" \/>\n<meta property=\"article:publisher\" content=\"https:\/\/www.facebook.com\/beerprague\/\" \/>\n<meta name=\"twitter:card\" content=\"summary_large_image\" \/>\n<meta name=\"twitter:label1\" content=\"Est. reading time\" \/>\n\t<meta name=\"twitter:data1\" content=\"1 minute\" \/>\n<script type=\"application\/ld+json\" class=\"yoast-schema-graph\">{\"@context\":\"https:\/\/schema.org\",\"@graph\":[{\"@type\":\"WebPage\",\"@id\":\"https:\/\/www.beerprague.com\/es\/politica-de-cookie\",\"url\":\"https:\/\/www.beerprague.com\/es\/politica-de-cookie\",\"name\":\"Pol\u00edtica de cookie - Beer Prague \u2013\u00a0Brewery Walking Tours\",\"isPartOf\":{\"@id\":\"https:\/\/www.beerprague.com\/es\/#website\"},\"datePublished\":\"2016-10-25T19:58:34+00:00\",\"breadcrumb\":{\"@id\":\"https:\/\/www.beerprague.com\/es\/politica-de-cookie#breadcrumb\"},\"inLanguage\":\"es-ES\",\"potentialAction\":[{\"@type\":\"ReadAction\",\"target\":[\"https:\/\/www.beerprague.com\/es\/politica-de-cookie\"]}]},{\"@type\":\"BreadcrumbList\",\"@id\":\"https:\/\/www.beerprague.com\/es\/politica-de-cookie#breadcrumb\",\"itemListElement\":[{\"@type\":\"ListItem\",\"position\":1,\"name\":\"Home\",\"item\":\"https:\/\/www.beerprague.com\/es\/\"},{\"@type\":\"ListItem\",\"position\":2,\"name\":\"Pol\u00edtica de cookie\"}]},{\"@type\":\"WebSite\",\"@id\":\"https:\/\/www.beerprague.com\/es\/#website\",\"url\":\"https:\/\/www.beerprague.com\/es\/\",\"name\":\"Beer Prague \u2013\u00a0Brewery Walking Tours\",\"description\":\"Unforgettable guided beer tours to local mini-breweries with UNLIMITED beer.\",\"publisher\":{\"@id\":\"https:\/\/www.beerprague.com\/es\/#organization\"},\"potentialAction\":[{\"@type\":\"SearchAction\",\"target\":{\"@type\":\"EntryPoint\",\"urlTemplate\":\"https:\/\/www.beerprague.com\/es\/?s={search_term_string}\"},\"query-input\":{\"@type\":\"PropertyValueSpecification\",\"valueRequired\":true,\"valueName\":\"search_term_string\"}}],\"inLanguage\":\"es-ES\"},{\"@type\":\"Organization\",\"@id\":\"https:\/\/www.beerprague.com\/es\/#organization\",\"name\":\"Beer Prague\",\"alternateName\":\"Walking Brewery Tours\",\"url\":\"https:\/\/www.beerprague.com\/es\/\",\"logo\":{\"@type\":\"ImageObject\",\"inLanguage\":\"es-ES\",\"@id\":\"https:\/\/www.beerprague.com\/es\/#\/schema\/logo\/image\/\",\"url\":\"https:\/\/www.beerprague.com\/wp-content\/uploads\/2016\/09\/IMG_0339.jpg\",\"contentUrl\":\"https:\/\/www.beerprague.com\/wp-content\/uploads\/2016\/09\/IMG_0339.jpg\",\"width\":2048,\"height\":1366,\"caption\":\"Beer Prague\"},\"image\":{\"@id\":\"https:\/\/www.beerprague.com\/es\/#\/schema\/logo\/image\/\"},\"sameAs\":[\"https:\/\/www.facebook.com\/beerprague\/\"]}]}<\/script>\n<!-- \/ Yoast SEO plugin. -->","yoast_head_json":{"title":"Pol\u00edtica de cookie - Beer Prague \u2013\u00a0Brewery Walking Tours","robots":{"index":"index","follow":"follow","max-snippet":"max-snippet:-1","max-image-preview":"max-image-preview:large","max-video-preview":"max-video-preview:-1"},"canonical":"https:\/\/www.beerprague.com\/es\/politica-de-cookie","og_locale":"es_ES","og_type":"article","og_title":"Pol\u00edtica de cookie - Beer Prague \u2013\u00a0Brewery Walking Tours","og_description":"Cookies Para facilitar la utilizaci\u00f3n de nuestro sitio, a veces utilizamos peque\u00f1os documentos llamados cookies. La mayor\u00eda de los sitios lo hacen. Que son los cookies\u00a0? Un cookie es un peque\u00f1o documento que retiene datos utilizados en un sitio internet. Permite recordarse de sus acciones y preferencias (nombre, password, idioma y otras preferencias) para tener [&hellip;]","og_url":"https:\/\/www.beerprague.com\/es\/politica-de-cookie","og_site_name":"Beer Prague \u2013\u00a0Brewery Walking Tours","article_publisher":"https:\/\/www.facebook.com\/beerprague\/","twitter_card":"summary_large_image","twitter_misc":{"Est. reading time":"1 minute"},"schema":{"@context":"https:\/\/schema.org","@graph":[{"@type":"WebPage","@id":"https:\/\/www.beerprague.com\/es\/politica-de-cookie","url":"https:\/\/www.beerprague.com\/es\/politica-de-cookie","name":"Pol\u00edtica de cookie - Beer Prague \u2013\u00a0Brewery Walking Tours","isPartOf":{"@id":"https:\/\/www.beerprague.com\/es\/#website"},"datePublished":"2016-10-25T19:58:34+00:00","breadcrumb":{"@id":"https:\/\/www.beerprague.com\/es\/politica-de-cookie#breadcrumb"},"inLanguage":"es-ES","potentialAction":[{"@type":"ReadAction","target":["https:\/\/www.beerprague.com\/es\/politica-de-cookie"]}]},{"@type":"BreadcrumbList","@id":"https:\/\/www.beerprague.com\/es\/politica-de-cookie#breadcrumb","itemListElement":[{"@type":"ListItem","position":1,"name":"Home","item":"https:\/\/www.beerprague.com\/es\/"},{"@type":"ListItem","position":2,"name":"Pol\u00edtica de cookie"}]},{"@type":"WebSite","@id":"https:\/\/www.beerprague.com\/es\/#website","url":"https:\/\/www.beerprague.com\/es\/","name":"Beer Prague \u2013\u00a0Brewery Walking Tours","description":"Unforgettable guided beer tours to local mini-breweries with UNLIMITED beer.","publisher":{"@id":"https:\/\/www.beerprague.com\/es\/#organization"},"potentialAction":[{"@type":"SearchAction","target":{"@type":"EntryPoint","urlTemplate":"https:\/\/www.beerprague.com\/es\/?s={search_term_string}"},"query-input":{"@type":"PropertyValueSpecification","valueRequired":true,"valueName":"search_term_string"}}],"inLanguage":"es-ES"},{"@type":"Organization","@id":"https:\/\/www.beerprague.com\/es\/#organization","name":"Beer Prague","alternateName":"Walking Brewery Tours","url":"https:\/\/www.beerprague.com\/es\/","logo":{"@type":"ImageObject","inLanguage":"es-ES","@id":"https:\/\/www.beerprague.com\/es\/#\/schema\/logo\/image\/","url":"https:\/\/www.beerprague.com\/wp-content\/uploads\/2016\/09\/IMG_0339.jpg","contentUrl":"https:\/\/www.beerprague.com\/wp-content\/uploads\/2016\/09\/IMG_0339.jpg","width":2048,"height":1366,"caption":"Beer Prague"},"image":{"@id":"https:\/\/www.beerprague.com\/es\/#\/schema\/logo\/image\/"},"sameAs":["https:\/\/www.facebook.com\/beerprague\/"]}]}},"_links":{"self":[{"href":"https:\/\/www.beerprague.com\/es\/wp-json\/wp\/v2\/pages\/1142","targetHints":{"allow":["GET"]}}],"collection":[{"href":"https:\/\/www.beerprague.com\/es\/wp-json\/wp\/v2\/pages"}],"about":[{"href":"https:\/\/www.beerprague.com\/es\/wp-json\/wp\/v2\/types\/page"}],"author":[{"embeddable":true,"href":"https:\/\/www.beerprague.com\/es\/wp-json\/wp\/v2\/users\/5"}],"replies":[{"embeddable":true,"href":"https:\/\/www.beerprague.com\/es\/wp-json\/wp\/v2\/comments?post=1142"}],"version-history":[{"count":1,"href":"https:\/\/www.beerprague.com\/es\/wp-json\/wp\/v2\/pages\/1142\/revisions"}],"predecessor-version":[{"id":1143,"href":"https:\/\/www.beerprague.com\/es\/wp-json\/wp\/v2\/pages\/1142\/revisions\/1143"}],"wp:attachment":[{"href":"https:\/\/www.beerprague.com\/es\/wp-json\/wp\/v2\/media?parent=1142"}],"curies":[{"name":"wp","href":"https:\/\/api.w.org\/{rel}","templated":true}]}}