{"id":417,"date":"2016-09-27T10:34:23","date_gmt":"2016-09-27T09:34:23","guid":{"rendered":"http:\/\/beerprague.dev.digitalbrothers.cz\/de\/conditions"},"modified":"2020-03-11T08:22:54","modified_gmt":"2020-03-11T07:22:54","slug":"conditions","status":"publish","type":"page","link":"https:\/\/www.beerprague.com\/de\/conditions","title":{"rendered":"Bedingungen"},"content":{"rendered":"<ul>\n<li>Jeder Teilnehmer muss mindestens im Alter von 18 Jahren sein, damit er Alkohol legal in der Tschechischen Republik trinken kann<\/li>\n<li>Kinder im Alter von 11 Jahren k\u00f6nnen an jeder Tour kostenlos teilnehmen, wenn sie von einem Elternteil oder juristischen Teilnehmer begleitet werden<\/li>\n<li>Jeder Teilnehmer verpflichtet sich, Alkohol verantwortungsbewusst und in angemessenem Umfang zu konsumieren<\/li>\n<li>Teilnehmer darf die Reise nicht unangenehm f\u00fcr die anderen Teilnehmer machen, so dass er \/ sie sich nach den richtigen Manieren verh\u00e4lt<\/li>\n<li>Der Reiseleiter hat ein ultimatives Recht, die Tour jederzeit ohne Entsch\u00e4digung zu unterbrechen, wenn die Teilnehmer nicht den oben genannten Regeln folgen<\/li>\n<li>com haftet nicht f\u00fcr verlorene oder gestohlene Dinge w\u00e4hrend der Reise sowie m\u00f6gliche Verletzungen<\/li>\n<li>Der Reiseleiter wird max. 10 Minuten nach der vereinbarten Startzeit auf die Teilnehmer der Tour warten<\/li>\n<\/ul>\n<p>&nbsp;<\/p>\n<p>Stornierungsbedingungen:<\/p>\n<ul>\n<li>Bei einer Stornierung bei fr\u00fcher als 1 Monat vor dem Tour Datum erhalten Sie &#8211; 50% Erstattung des vollen Preises<\/li>\n<li>Bei einer Stornierung bei fr\u00fcher als 2 Wochen vor Tour beginn erhalten Sie &#8211; 40% Erstattung des vollen Preises<\/li>\n<li>Bei einer Stornierung bei fr\u00fcher als 1 Woche vor dem Tour Datum erhalten Sie &#8211; 30% Erstattung des vollen Preises<\/li>\n<li>Bei einer Stornierung bei fr\u00fcher als 48 Stunden vor dem Beginn der Tour erhalten Sie &#8211; 20% Erstattung des vollen Preises<\/li>\n<li>Bei einer Stornierung bei sp\u00e4testens 48 Stunden vor Beginn der Tour erhalten Sie &#8211; 0% Erstattung des vollen Preises<\/li>\n<\/ul>\n<p>&nbsp;<\/p>\n<p>Please see the full and updated version <a href=\"http:\/\/beerprague.com\/conditions\">here<\/a> in English.<\/p>\n","protected":false},"excerpt":{"rendered":"Jeder Teilnehmer muss mindestens im Alter von 18 Jahren sein, damit er Alkohol legal in der Tschechischen Republik trinken kann Kinder im Alter von 11 Jahren k\u00f6nnen an jeder Tour kostenlos teilnehmen, wenn sie von einem Elternteil oder juristischen Teilnehmer begleitet werden Jeder Teilnehmer verpflichtet sich, Alkohol verantwortungsbewusst und in angemessenem Umfang zu konsumieren Teilnehmer [&hellip;]","protected":false},"author":4,"featured_media":0,"parent":0,"menu_order":0,"comment_status":"closed","ping_status":"closed","template":"","meta":{"footnotes":""},"class_list":["post-417","page","type-page","status-publish","hentry"],"yoast_head":"<!-- This site is optimized with the Yoast SEO plugin v27.2 - https:\/\/yoast.com\/product\/yoast-seo-wordpress\/ -->\n<title>Bedingungen - Beer Prague \u2013\u00a0Brewery Walking Tours<\/title>\n<meta name=\"robots\" content=\"index, follow, max-snippet:-1, max-image-preview:large, max-video-preview:-1\" \/>\n<link rel=\"canonical\" href=\"https:\/\/www.beerprague.com\/de\/conditions\" \/>\n<meta property=\"og:locale\" content=\"de_DE\" \/>\n<meta property=\"og:type\" content=\"article\" \/>\n<meta property=\"og:title\" content=\"Bedingungen - Beer Prague \u2013\u00a0Brewery Walking Tours\" \/>\n<meta property=\"og:description\" content=\"Jeder Teilnehmer muss mindestens im Alter von 18 Jahren sein, damit er Alkohol legal in der Tschechischen Republik trinken kann Kinder im Alter von 11 Jahren k\u00f6nnen an jeder Tour kostenlos teilnehmen, wenn sie von einem Elternteil oder juristischen Teilnehmer begleitet werden Jeder Teilnehmer verpflichtet sich, Alkohol verantwortungsbewusst und in angemessenem Umfang zu konsumieren Teilnehmer [&hellip;]\" \/>\n<meta property=\"og:url\" content=\"https:\/\/www.beerprague.com\/de\/conditions\" \/>\n<meta property=\"og:site_name\" content=\"Beer Prague \u2013\u00a0Brewery Walking Tours\" \/>\n<meta property=\"article:publisher\" content=\"https:\/\/www.facebook.com\/beerprague\/\" \/>\n<meta property=\"article:modified_time\" content=\"2020-03-11T07:22:54+00:00\" \/>\n<meta name=\"twitter:card\" content=\"summary_large_image\" \/>\n<meta name=\"twitter:label1\" content=\"Gesch\u00e4tzte Lesezeit\" \/>\n\t<meta name=\"twitter:data1\" content=\"1 minute\" \/>\n<script type=\"application\/ld+json\" class=\"yoast-schema-graph\">{\"@context\":\"https:\/\/schema.org\",\"@graph\":[{\"@type\":\"WebPage\",\"@id\":\"https:\/\/www.beerprague.com\/de\/conditions\",\"url\":\"https:\/\/www.beerprague.com\/de\/conditions\",\"name\":\"Bedingungen - Beer Prague \u2013\u00a0Brewery Walking Tours\",\"isPartOf\":{\"@id\":\"https:\/\/www.beerprague.com\/de\/#website\"},\"datePublished\":\"2016-09-27T09:34:23+00:00\",\"dateModified\":\"2020-03-11T07:22:54+00:00\",\"breadcrumb\":{\"@id\":\"https:\/\/www.beerprague.com\/de\/conditions#breadcrumb\"},\"inLanguage\":\"de-DE\",\"potentialAction\":[{\"@type\":\"ReadAction\",\"target\":[\"https:\/\/www.beerprague.com\/de\/conditions\"]}]},{\"@type\":\"BreadcrumbList\",\"@id\":\"https:\/\/www.beerprague.com\/de\/conditions#breadcrumb\",\"itemListElement\":[{\"@type\":\"ListItem\",\"position\":1,\"name\":\"Home\",\"item\":\"https:\/\/www.beerprague.com\/de\/\"},{\"@type\":\"ListItem\",\"position\":2,\"name\":\"Bedingungen\"}]},{\"@type\":\"WebSite\",\"@id\":\"https:\/\/www.beerprague.com\/de\/#website\",\"url\":\"https:\/\/www.beerprague.com\/de\/\",\"name\":\"Beer Prague \u2013\u00a0Brewery Walking Tours\",\"description\":\"Unforgettable guided beer tours to local mini-breweries with UNLIMITED beer.\",\"publisher\":{\"@id\":\"https:\/\/www.beerprague.com\/de\/#organization\"},\"potentialAction\":[{\"@type\":\"SearchAction\",\"target\":{\"@type\":\"EntryPoint\",\"urlTemplate\":\"https:\/\/www.beerprague.com\/de\/?s={search_term_string}\"},\"query-input\":{\"@type\":\"PropertyValueSpecification\",\"valueRequired\":true,\"valueName\":\"search_term_string\"}}],\"inLanguage\":\"de-DE\"},{\"@type\":\"Organization\",\"@id\":\"https:\/\/www.beerprague.com\/de\/#organization\",\"name\":\"Beer Prague\",\"alternateName\":\"Walking Brewery Tours\",\"url\":\"https:\/\/www.beerprague.com\/de\/\",\"logo\":{\"@type\":\"ImageObject\",\"inLanguage\":\"de-DE\",\"@id\":\"https:\/\/www.beerprague.com\/de\/#\/schema\/logo\/image\/\",\"url\":\"https:\/\/www.beerprague.com\/wp-content\/uploads\/2016\/09\/IMG_0339.jpg\",\"contentUrl\":\"https:\/\/www.beerprague.com\/wp-content\/uploads\/2016\/09\/IMG_0339.jpg\",\"width\":2048,\"height\":1366,\"caption\":\"Beer Prague\"},\"image\":{\"@id\":\"https:\/\/www.beerprague.com\/de\/#\/schema\/logo\/image\/\"},\"sameAs\":[\"https:\/\/www.facebook.com\/beerprague\/\"]}]}<\/script>\n<!-- \/ Yoast SEO plugin. -->","yoast_head_json":{"title":"Bedingungen - Beer Prague \u2013\u00a0Brewery Walking Tours","robots":{"index":"index","follow":"follow","max-snippet":"max-snippet:-1","max-image-preview":"max-image-preview:large","max-video-preview":"max-video-preview:-1"},"canonical":"https:\/\/www.beerprague.com\/de\/conditions","og_locale":"de_DE","og_type":"article","og_title":"Bedingungen - Beer Prague \u2013\u00a0Brewery Walking Tours","og_description":"Jeder Teilnehmer muss mindestens im Alter von 18 Jahren sein, damit er Alkohol legal in der Tschechischen Republik trinken kann Kinder im Alter von 11 Jahren k\u00f6nnen an jeder Tour kostenlos teilnehmen, wenn sie von einem Elternteil oder juristischen Teilnehmer begleitet werden Jeder Teilnehmer verpflichtet sich, Alkohol verantwortungsbewusst und in angemessenem Umfang zu konsumieren Teilnehmer [&hellip;]","og_url":"https:\/\/www.beerprague.com\/de\/conditions","og_site_name":"Beer Prague \u2013\u00a0Brewery Walking Tours","article_publisher":"https:\/\/www.facebook.com\/beerprague\/","article_modified_time":"2020-03-11T07:22:54+00:00","twitter_card":"summary_large_image","twitter_misc":{"Gesch\u00e4tzte Lesezeit":"1 minute"},"schema":{"@context":"https:\/\/schema.org","@graph":[{"@type":"WebPage","@id":"https:\/\/www.beerprague.com\/de\/conditions","url":"https:\/\/www.beerprague.com\/de\/conditions","name":"Bedingungen - Beer Prague \u2013\u00a0Brewery Walking Tours","isPartOf":{"@id":"https:\/\/www.beerprague.com\/de\/#website"},"datePublished":"2016-09-27T09:34:23+00:00","dateModified":"2020-03-11T07:22:54+00:00","breadcrumb":{"@id":"https:\/\/www.beerprague.com\/de\/conditions#breadcrumb"},"inLanguage":"de-DE","potentialAction":[{"@type":"ReadAction","target":["https:\/\/www.beerprague.com\/de\/conditions"]}]},{"@type":"BreadcrumbList","@id":"https:\/\/www.beerprague.com\/de\/conditions#breadcrumb","itemListElement":[{"@type":"ListItem","position":1,"name":"Home","item":"https:\/\/www.beerprague.com\/de\/"},{"@type":"ListItem","position":2,"name":"Bedingungen"}]},{"@type":"WebSite","@id":"https:\/\/www.beerprague.com\/de\/#website","url":"https:\/\/www.beerprague.com\/de\/","name":"Beer Prague \u2013\u00a0Brewery Walking Tours","description":"Unforgettable guided beer tours to local mini-breweries with UNLIMITED beer.","publisher":{"@id":"https:\/\/www.beerprague.com\/de\/#organization"},"potentialAction":[{"@type":"SearchAction","target":{"@type":"EntryPoint","urlTemplate":"https:\/\/www.beerprague.com\/de\/?s={search_term_string}"},"query-input":{"@type":"PropertyValueSpecification","valueRequired":true,"valueName":"search_term_string"}}],"inLanguage":"de-DE"},{"@type":"Organization","@id":"https:\/\/www.beerprague.com\/de\/#organization","name":"Beer Prague","alternateName":"Walking Brewery Tours","url":"https:\/\/www.beerprague.com\/de\/","logo":{"@type":"ImageObject","inLanguage":"de-DE","@id":"https:\/\/www.beerprague.com\/de\/#\/schema\/logo\/image\/","url":"https:\/\/www.beerprague.com\/wp-content\/uploads\/2016\/09\/IMG_0339.jpg","contentUrl":"https:\/\/www.beerprague.com\/wp-content\/uploads\/2016\/09\/IMG_0339.jpg","width":2048,"height":1366,"caption":"Beer Prague"},"image":{"@id":"https:\/\/www.beerprague.com\/de\/#\/schema\/logo\/image\/"},"sameAs":["https:\/\/www.facebook.com\/beerprague\/"]}]}},"_links":{"self":[{"href":"https:\/\/www.beerprague.com\/de\/wp-json\/wp\/v2\/pages\/417","targetHints":{"allow":["GET"]}}],"collection":[{"href":"https:\/\/www.beerprague.com\/de\/wp-json\/wp\/v2\/pages"}],"about":[{"href":"https:\/\/www.beerprague.com\/de\/wp-json\/wp\/v2\/types\/page"}],"author":[{"embeddable":true,"href":"https:\/\/www.beerprague.com\/de\/wp-json\/wp\/v2\/users\/4"}],"replies":[{"embeddable":true,"href":"https:\/\/www.beerprague.com\/de\/wp-json\/wp\/v2\/comments?post=417"}],"version-history":[{"count":12,"href":"https:\/\/www.beerprague.com\/de\/wp-json\/wp\/v2\/pages\/417\/revisions"}],"predecessor-version":[{"id":4352,"href":"https:\/\/www.beerprague.com\/de\/wp-json\/wp\/v2\/pages\/417\/revisions\/4352"}],"wp:attachment":[{"href":"https:\/\/www.beerprague.com\/de\/wp-json\/wp\/v2\/media?parent=417"}],"curies":[{"name":"wp","href":"https:\/\/api.w.org\/{rel}","templated":true}]}}