{"id":308,"date":"2016-09-14T14:20:52","date_gmt":"2016-09-14T13:20:52","guid":{"rendered":"http:\/\/beerprague.dev.digitalbrothers.cz\/de\/contact"},"modified":"2026-01-02T12:35:09","modified_gmt":"2026-01-02T11:35:09","slug":"kontakt","status":"publish","type":"page","link":"https:\/\/www.beerprague.com\/de\/kontakt","title":{"rendered":"Kontakt"},"content":{"rendered":"<h2>Treffpunkt<\/h2>\n<p><strong>N\u00e1m\u011bst\u00ed M\u00edru 1219\/2 (von der Kirche\u00a0St. Ludmila)<\/strong>\u00a0<br \/>\n <strong>Vinohrady, Prag 2<\/strong><br \/>\n <a href=\"https:\/\/w3w.co\/cure.sticky.extreme\" target=\"_blank\">Sehen Sie auf what3words Karte<\/a><\/p>\n<h2>Hotline<\/h2>\n<p><strong><a class=\"textlink\" href=\"tel:+ 420773606876\">+ 420 773 606 876\u00a0<\/a><\/strong><\/p>\n<p><strong><a class=\"textlink\" href=\"mailto:info@beerprague.com?subject=Prague%20Brewery%20Tour\">info@beerprague.com<\/a><\/strong><\/p>\n","protected":false},"excerpt":{"rendered":"Treffpunkt N\u00e1m\u011bst\u00ed M\u00edru 1219\/2 (von der Kirche\u00a0St. Ludmila)\u00a0 Vinohrady, Prag 2 Sehen Sie auf what3words Karte Hotline + 420 773 606 876\u00a0 info@beerprague.com","protected":false},"author":4,"featured_media":0,"parent":0,"menu_order":0,"comment_status":"closed","ping_status":"closed","template":"template\/contact.php","meta":{"footnotes":""},"class_list":["post-308","page","type-page","status-publish","hentry"],"yoast_head":"<!-- This site is optimized with the Yoast SEO plugin v27.2 - https:\/\/yoast.com\/product\/yoast-seo-wordpress\/ -->\n<title>Kontakt - Beer Prague \u2013\u00a0Brewery Walking Tours<\/title>\n<meta name=\"robots\" content=\"index, follow, max-snippet:-1, max-image-preview:large, max-video-preview:-1\" \/>\n<link rel=\"canonical\" href=\"https:\/\/www.beerprague.com\/de\/kontakt\" \/>\n<meta property=\"og:locale\" content=\"de_DE\" \/>\n<meta property=\"og:type\" content=\"article\" \/>\n<meta property=\"og:title\" content=\"Kontakt - Beer Prague \u2013\u00a0Brewery Walking Tours\" \/>\n<meta property=\"og:description\" content=\"Treffpunkt N\u00e1m\u011bst\u00ed M\u00edru 1219\/2 (von der Kirche\u00a0St. Ludmila)\u00a0 Vinohrady, Prag 2 Sehen Sie auf what3words Karte Hotline + 420 773 606 876\u00a0 info@beerprague.com\" \/>\n<meta property=\"og:url\" content=\"https:\/\/www.beerprague.com\/de\/kontakt\" \/>\n<meta property=\"og:site_name\" content=\"Beer Prague \u2013\u00a0Brewery Walking Tours\" \/>\n<meta property=\"article:publisher\" content=\"https:\/\/www.facebook.com\/beerprague\/\" \/>\n<meta property=\"article:modified_time\" content=\"2026-01-02T11:35:09+00:00\" \/>\n<meta name=\"twitter:card\" content=\"summary_large_image\" \/>\n<script type=\"application\/ld+json\" class=\"yoast-schema-graph\">{\"@context\":\"https:\/\/schema.org\",\"@graph\":[{\"@type\":\"WebPage\",\"@id\":\"https:\/\/www.beerprague.com\/de\/kontakt\",\"url\":\"https:\/\/www.beerprague.com\/de\/kontakt\",\"name\":\"Kontakt - Beer Prague \u2013\u00a0Brewery Walking Tours\",\"isPartOf\":{\"@id\":\"https:\/\/www.beerprague.com\/de\/#website\"},\"datePublished\":\"2016-09-14T13:20:52+00:00\",\"dateModified\":\"2026-01-02T11:35:09+00:00\",\"breadcrumb\":{\"@id\":\"https:\/\/www.beerprague.com\/de\/kontakt#breadcrumb\"},\"inLanguage\":\"de-DE\",\"potentialAction\":[{\"@type\":\"ReadAction\",\"target\":[\"https:\/\/www.beerprague.com\/de\/kontakt\"]}]},{\"@type\":\"BreadcrumbList\",\"@id\":\"https:\/\/www.beerprague.com\/de\/kontakt#breadcrumb\",\"itemListElement\":[{\"@type\":\"ListItem\",\"position\":1,\"name\":\"Home\",\"item\":\"https:\/\/www.beerprague.com\/de\/\"},{\"@type\":\"ListItem\",\"position\":2,\"name\":\"Kontakt\"}]},{\"@type\":\"WebSite\",\"@id\":\"https:\/\/www.beerprague.com\/de\/#website\",\"url\":\"https:\/\/www.beerprague.com\/de\/\",\"name\":\"Beer Prague \u2013\u00a0Brewery Walking Tours\",\"description\":\"Unforgettable guided beer tours to local mini-breweries with UNLIMITED beer.\",\"publisher\":{\"@id\":\"https:\/\/www.beerprague.com\/de\/#organization\"},\"potentialAction\":[{\"@type\":\"SearchAction\",\"target\":{\"@type\":\"EntryPoint\",\"urlTemplate\":\"https:\/\/www.beerprague.com\/de\/?s={search_term_string}\"},\"query-input\":{\"@type\":\"PropertyValueSpecification\",\"valueRequired\":true,\"valueName\":\"search_term_string\"}}],\"inLanguage\":\"de-DE\"},{\"@type\":\"Organization\",\"@id\":\"https:\/\/www.beerprague.com\/de\/#organization\",\"name\":\"Beer Prague\",\"alternateName\":\"Walking Brewery Tours\",\"url\":\"https:\/\/www.beerprague.com\/de\/\",\"logo\":{\"@type\":\"ImageObject\",\"inLanguage\":\"de-DE\",\"@id\":\"https:\/\/www.beerprague.com\/de\/#\/schema\/logo\/image\/\",\"url\":\"https:\/\/www.beerprague.com\/wp-content\/uploads\/2016\/09\/IMG_0339.jpg\",\"contentUrl\":\"https:\/\/www.beerprague.com\/wp-content\/uploads\/2016\/09\/IMG_0339.jpg\",\"width\":2048,\"height\":1366,\"caption\":\"Beer Prague\"},\"image\":{\"@id\":\"https:\/\/www.beerprague.com\/de\/#\/schema\/logo\/image\/\"},\"sameAs\":[\"https:\/\/www.facebook.com\/beerprague\/\"]}]}<\/script>\n<!-- \/ Yoast SEO plugin. -->","yoast_head_json":{"title":"Kontakt - Beer Prague \u2013\u00a0Brewery Walking Tours","robots":{"index":"index","follow":"follow","max-snippet":"max-snippet:-1","max-image-preview":"max-image-preview:large","max-video-preview":"max-video-preview:-1"},"canonical":"https:\/\/www.beerprague.com\/de\/kontakt","og_locale":"de_DE","og_type":"article","og_title":"Kontakt - Beer Prague \u2013\u00a0Brewery Walking Tours","og_description":"Treffpunkt N\u00e1m\u011bst\u00ed M\u00edru 1219\/2 (von der Kirche\u00a0St. Ludmila)\u00a0 Vinohrady, Prag 2 Sehen Sie auf what3words Karte Hotline + 420 773 606 876\u00a0 info@beerprague.com","og_url":"https:\/\/www.beerprague.com\/de\/kontakt","og_site_name":"Beer Prague \u2013\u00a0Brewery Walking Tours","article_publisher":"https:\/\/www.facebook.com\/beerprague\/","article_modified_time":"2026-01-02T11:35:09+00:00","twitter_card":"summary_large_image","schema":{"@context":"https:\/\/schema.org","@graph":[{"@type":"WebPage","@id":"https:\/\/www.beerprague.com\/de\/kontakt","url":"https:\/\/www.beerprague.com\/de\/kontakt","name":"Kontakt - Beer Prague \u2013\u00a0Brewery Walking Tours","isPartOf":{"@id":"https:\/\/www.beerprague.com\/de\/#website"},"datePublished":"2016-09-14T13:20:52+00:00","dateModified":"2026-01-02T11:35:09+00:00","breadcrumb":{"@id":"https:\/\/www.beerprague.com\/de\/kontakt#breadcrumb"},"inLanguage":"de-DE","potentialAction":[{"@type":"ReadAction","target":["https:\/\/www.beerprague.com\/de\/kontakt"]}]},{"@type":"BreadcrumbList","@id":"https:\/\/www.beerprague.com\/de\/kontakt#breadcrumb","itemListElement":[{"@type":"ListItem","position":1,"name":"Home","item":"https:\/\/www.beerprague.com\/de\/"},{"@type":"ListItem","position":2,"name":"Kontakt"}]},{"@type":"WebSite","@id":"https:\/\/www.beerprague.com\/de\/#website","url":"https:\/\/www.beerprague.com\/de\/","name":"Beer Prague \u2013\u00a0Brewery Walking Tours","description":"Unforgettable guided beer tours to local mini-breweries with UNLIMITED beer.","publisher":{"@id":"https:\/\/www.beerprague.com\/de\/#organization"},"potentialAction":[{"@type":"SearchAction","target":{"@type":"EntryPoint","urlTemplate":"https:\/\/www.beerprague.com\/de\/?s={search_term_string}"},"query-input":{"@type":"PropertyValueSpecification","valueRequired":true,"valueName":"search_term_string"}}],"inLanguage":"de-DE"},{"@type":"Organization","@id":"https:\/\/www.beerprague.com\/de\/#organization","name":"Beer Prague","alternateName":"Walking Brewery Tours","url":"https:\/\/www.beerprague.com\/de\/","logo":{"@type":"ImageObject","inLanguage":"de-DE","@id":"https:\/\/www.beerprague.com\/de\/#\/schema\/logo\/image\/","url":"https:\/\/www.beerprague.com\/wp-content\/uploads\/2016\/09\/IMG_0339.jpg","contentUrl":"https:\/\/www.beerprague.com\/wp-content\/uploads\/2016\/09\/IMG_0339.jpg","width":2048,"height":1366,"caption":"Beer Prague"},"image":{"@id":"https:\/\/www.beerprague.com\/de\/#\/schema\/logo\/image\/"},"sameAs":["https:\/\/www.facebook.com\/beerprague\/"]}]}},"_links":{"self":[{"href":"https:\/\/www.beerprague.com\/de\/wp-json\/wp\/v2\/pages\/308","targetHints":{"allow":["GET"]}}],"collection":[{"href":"https:\/\/www.beerprague.com\/de\/wp-json\/wp\/v2\/pages"}],"about":[{"href":"https:\/\/www.beerprague.com\/de\/wp-json\/wp\/v2\/types\/page"}],"author":[{"embeddable":true,"href":"https:\/\/www.beerprague.com\/de\/wp-json\/wp\/v2\/users\/4"}],"replies":[{"embeddable":true,"href":"https:\/\/www.beerprague.com\/de\/wp-json\/wp\/v2\/comments?post=308"}],"version-history":[{"count":9,"href":"https:\/\/www.beerprague.com\/de\/wp-json\/wp\/v2\/pages\/308\/revisions"}],"predecessor-version":[{"id":6057,"href":"https:\/\/www.beerprague.com\/de\/wp-json\/wp\/v2\/pages\/308\/revisions\/6057"}],"wp:attachment":[{"href":"https:\/\/www.beerprague.com\/de\/wp-json\/wp\/v2\/media?parent=308"}],"curies":[{"name":"wp","href":"https:\/\/api.w.org\/{rel}","templated":true}]}}